{"id":6911,"date":"2019-11-04T06:32:03","date_gmt":"2019-11-04T05:32:03","guid":{"rendered":"http:\/\/www.aimc.mms.mc\/aimc-5-publications\/articles-de-presse.html"},"modified":"2023-01-15T19:31:53","modified_gmt":"2023-01-15T18:31:53","slug":"articles-de-presse","status":"publish","type":"page","link":"https:\/\/www.actioninnocencemonaco.com\/fr\/publications\/articles-de-presse\/","title":{"rendered":"Revue de Presse"},"content":{"rendered":"<p>[vc_row][vc_column]<h1 class=\"hr-title\">Revue de Presse<\/h1>[ultimate_spacer height=\u00a0\u00bb10&Prime;][\/vc_column][\/vc_row][vc_row][vc_column][vc_column_text]<\/p>\n<ul>\n<li><strong><a href=\"http:\/\/www.actioninnocencemonaco.com\/wp-content\/uploads\/2023\/01\/AIMC-PRESS-RELEASE-Dec.2022AIMC20ans.pdf\">AIMC PRESS RELEASE: December 2022<\/a><\/strong><\/li>\n<li><strong><a href=\"http:\/\/www.actioninnocencemonaco.com\/wp-content\/uploads\/2023\/01\/aimc-FETE-ses-20-ans-ENG.pdf\">20th Anniversary of AIMC (20 ans AIMC) 2022\/3<\/a><\/strong><\/li>\n<li><strong><a href=\"http:\/\/www.actioninnocencemonaco.com\/wp-content\/uploads\/2023\/01\/AIMC-MEDIA-KIT-2022.pdf\">AIMC Media\/PRESS KIT 2022\/3<\/a><\/strong><\/li>\n<\/ul>\n<p>[\/vc_column_text][vc_column_text]<\/p>\n<ul>\n<li><a href=\"https:\/\/www.monaco-tribune.com\/en\/2022\/12\/record-christmas-tree-sale-for-action-innocence-monacos-20th-anniversary\/\">2022-12-16, MONACO TRIBUNE, Record Christmas tree sale for Action Innocence Monaco\u2019s 20th anniversary&nbsp;<\/a><\/li>\n<li><a href=\"https:\/\/qe-magazine.com\/action-innocence-monaco-20-anni-da-celebrare-con-lasta-dei-sapins-daction-innocence\/\">2022-12-15, GE MAGAZINE, ACTION INNOCENCE MONACO: 20 anni da celebrare con l\u2019asta dei Sapins d\u2019Action Innocence<\/a><\/li>\n<li><a href=\"https:\/\/www.monaco-tribune.com\/2022\/12\/23-sapins-et-un-record-de-ventes-pour-les-20-ans-daction-innocence\/\">2022-12-15, MONACO TRIBUNE, Vente de sapins record pour les 20 ans d\u2019Action Innocence Monaco<\/a><\/li>\n<li><a href=\"https:\/\/www.asmonaco.com\/las-monaco-et-benoit-badiashile-associes-a-action-innocence\/\">2022-12-6, AS MONACO, L\u2019AS Monaco et Benoit Badiashile associ\u00e9s \u00e0 Action Innocence<\/a><br \/>\n<aside class=\"asm-single-aside\">\n<div class=\"asm-single-aside-inner\">&nbsp;<\/div>\n<\/aside>\n<\/li>\n<\/ul>\n<p>&nbsp;<\/p>\n<ul>\n<li><a href=\"https:\/\/www.actioninnocencemonaco.com\/wp-content\/uploads\/2021\/06\/NM-conf-28-janvier-2021.pdf\" target=\"_blank\" rel=\"noopener\" data-saferedirecturl=\"https:\/\/www.google.com\/url?q=https:\/\/www.actioninnocencemonaco.com\/wp-content\/uploads\/2021\/06\/NM-conf-28-janvier-2021.pdf&amp;source=gmail&amp;ust=1630784644853000&amp;usg=AFQjCNFfocCazc782OdqgaswL6sF0EzMBw\">2021-01-28, Monaco Matin,\u00a0\u00bbR\u00e9seaux sociaux et image porno, prot\u00e9ger nos ados\u00a0\u00bb<\/a><\/li>\n<li><a href=\"https:\/\/www.actioninnocencemonaco.com\/wp-content\/uploads\/2021\/06\/NM06122019-loi-harcelement.pdf\" target=\"_blank\" rel=\"noopener\" data-saferedirecturl=\"https:\/\/www.google.com\/url?q=https:\/\/www.actioninnocencemonaco.com\/wp-content\/uploads\/2021\/06\/NM06122019-loi-harcelement.pdf&amp;source=gmail&amp;ust=1630784644853000&amp;usg=AFQjCNG6RBdqeo-3RhJz8mscfD9wX1TN1Q\">2019-12-06, Monaco Matin, \u00ab\u00a0Unis dans la lutte contre le harc\u00e9lement scolaire\u00a0\u00bb<\/a><\/li>\n<li><a href=\"https:\/\/www.actioninnocencemonaco.com\/wp-content\/uploads\/2021\/06\/clip-2019.pdf\" target=\"_blank\" rel=\"noopener\" data-saferedirecturl=\"https:\/\/www.google.com\/url?q=https:\/\/www.actioninnocencemonaco.com\/wp-content\/uploads\/2021\/06\/clip-2019.pdf&amp;source=gmail&amp;ust=1630784644854000&amp;usg=AFQjCNFWD6k4LflgaeaF_5VXboFpzTtyIw\">2019-05-13 Monaco Matin, \u00ab\u00a0Un court m\u00e9trage pour sensibiliser parents &amp; enfants au Revenge porn et dangers d&rsquo;internet\u00a0\u00bb<\/a><\/li>\n<li><a href=\"https:\/\/mluscajs1eaw.i.optimole.com\/cb:cWFf.40cfa\/w:auto\/h:auto\/q:mauto\/ig:avif\/f:best\/https:\/\/www.actioninnocencemonaco.com\/wp-content\/uploads\/2021\/06\/NM131217.jpg\" target=\"_blank\" rel=\"noopener\" data-saferedirecturl=\"https:\/\/www.google.com\/url?q=https:\/\/mluscajs1eaw.i.optimole.com\/cb:cWFf.40cfa\/w:auto\/h:auto\/q:mauto\/ig:avif\/f:best\/https:\/\/www.actioninnocencemonaco.com\/wp-content\/uploads\/2021\/06\/NM131217.jpg&amp;source=gmail&amp;ust=1630784644854000&amp;usg=AFQjCNEzKEQsUUYxuq4GVUU3_9AFtreAVA\">2017-12-13 Monaco Matin, \u00ab\u00a0la pr\u00e9vention envers le Web\u00a0\u00bb<\/a><\/li>\n<li><a href=\"https:\/\/www.actioninnocencemonaco.com\/wp-content\/uploads\/2021\/06\/MChebdo0216001.pdf\" target=\"_blank\" rel=\"noopener\" data-saferedirecturl=\"https:\/\/www.google.com\/url?q=https:\/\/www.actioninnocencemonaco.com\/wp-content\/uploads\/2021\/06\/MChebdo0216001.pdf&amp;source=gmail&amp;ust=1630784644854000&amp;usg=AFQjCNGn7UjHRVplzC73FW3a6hwmGxrMjQ\">2016-02-15, Monaco Hebdo, \u00ab\u00a0Un cache contre le piratage de la Webcam\u00a0\u00bb<\/a><\/li>\n<\/ul>\n<p>&nbsp;<\/p>\n<ul>\n<li><a href=\"https:\/\/www.actioninnocencemonaco.com\/wp-content\/uploads\/2019\/10\/AIMC_Revue-Presse_2014-12-02.pdf\" target=\"_blank\" rel=\"noopener noreferrer\">2014-12-18, Monaco Reporter, \u00ab\u00a0Forest of Christmas Trees in Monte-Carlo raises funds for Action Innocence\u00a0\u00bb (.pdf)<\/a><\/li>\n<li><a href=\"https:\/\/www.actioninnocencemonaco.com\/wp-content\/uploads\/2019\/10\/AIMC_Revue-Presse_2014-12.pdf\" target=\"_blank\" rel=\"noopener noreferrer\">2014-12-18, Monaco-Matin, \u00ab\u00a0157.000 \u20ac : record pulv\u00e9ris\u00e9 pour les sapins d&rsquo;Action Innocence\u00a0\u00bb (.pdf)<\/a><\/li>\n<li><a href=\"https:\/\/www.actioninnocencemonaco.com\/wp-content\/uploads\/2019\/10\/AIMC_Revue-Presse_2014-01.pdf\" target=\"_blank\" rel=\"noopener noreferrer\">2014-03-19, Monaco-Matin, \u00ab\u00a0Le cyberp\u00e9dophile cap-d&rsquo;aillois retourne en prison\u00a0\u00bb (.pdf)<\/a><\/li>\n<li><a href=\"https:\/\/www.actioninnocencemonaco.com\/wp-content\/uploads\/2019\/10\/AIMC_Revue-Presse_2014-03.pdf\" target=\"_blank\" rel=\"noopener noreferrer\">2014-04-22, Nice-Matin, \u00ab\u00a0Les dangers d&rsquo;internet expliqu\u00e9s aux enfants\u00a0\u00bb (.pdf)<\/a><\/li>\n<li><a href=\"https:\/\/www.actioninnocencemonaco.com\/wp-content\/uploads\/2019\/10\/AIMC_Revue-Presse_2014-04.pdf\" target=\"_blank\" rel=\"noopener noreferrer\">2014-04-04, Nice-Matin, \u00ab\u00a0Les coll\u00e9giens se heurtent aux dangers de la Toile\u00a0\u00bb (.pdf)<\/a><\/li>\n<li><a href=\"https:\/\/www.actioninnocencemonaco.com\/wp-content\/uploads\/2019\/10\/AIMC_Revue-Presse_2014-05.pdf\" target=\"_blank\" rel=\"noopener noreferrer\">2014-04-02, Nice-Matin, \u00ab\u00a0CyberDodo : un jeu vid\u00e9o sur les dangers d&rsquo;Internet\u00a0\u00bb (.pdf)<\/a><\/li>\n<li><a href=\"https:\/\/www.actioninnocencemonaco.com\/wp-content\/uploads\/2019\/10\/AIMC_Revue-Presse_2014-06.pdf\" target=\"_blank\" rel=\"noopener noreferrer\">2014-01-14, Monaco-Matin, \u00ab\u00a0Le Danger ? Des ados se d\u00e9shabillent sur le Web\u00a0\u00bb (.pdf)<\/a><\/li>\n<\/ul>\n<p>[\/vc_column_text][\/vc_column][\/vc_row][vc_row][vc_column]<h1 class=\"hr-title\">Revues de presse des ann\u00e9es pass\u00e9es<\/h1>[ultimate_spacer height=\u00a0\u00bb10&Prime;][\/vc_column][\/vc_row][vc_row][vc_column][vc_column_text]<\/p>\n<ul>\n<li><a href=\"https:\/\/www.actioninnocencemonaco.com\/wp-content\/uploads\/2019\/10\/AIMC_Revue-Presse_2013.pdf\" target=\"_blank\" rel=\"noopener noreferrer\">Revue de presse &#8211; 2013 (.pdf)<\/a><\/li>\n<li><a href=\"https:\/\/www.actioninnocencemonaco.com\/wp-content\/uploads\/2019\/10\/AIMC_Revue-Presse_2011.pdf\" target=\"_blank\" rel=\"noopener noreferrer\">Revue de presse &#8211; 2011 (.pdf)<\/a><\/li>\n<li><a href=\"https:\/\/www.actioninnocencemonaco.com\/wp-content\/uploads\/2019\/10\/AIMC_Revue-Presse_2010.pdf\" target=\"_blank\" rel=\"noopener noreferrer\">Revue de presse &#8211; 2010 (.pdf)<\/a><\/li>\n<li><a href=\"https:\/\/www.actioninnocencemonaco.com\/wp-content\/uploads\/2019\/10\/AIMC_Revue-Presse_2008.pdf\" target=\"_blank\" rel=\"noopener noreferrer\">Revue de presse &#8211; 2008 (.pdf)<\/a><\/li>\n<li><a href=\"https:\/\/www.actioninnocencemonaco.com\/wp-content\/uploads\/2019\/10\/AIMC_Revue-Presse_2007.pdf\" target=\"_blank\" rel=\"noopener noreferrer\">Revue de presse &#8211; 2007 (.pdf)<\/a><\/li>\n<li><a href=\"https:\/\/www.actioninnocencemonaco.com\/wp-content\/uploads\/2019\/10\/AIMC_Revue-Presse_2006.pdf\" target=\"_blank\" rel=\"noopener noreferrer\">Revue de presse &#8211; 2006 (.pdf)<\/a><\/li>\n<li><a href=\"https:\/\/www.actioninnocencemonaco.com\/wp-content\/uploads\/2019\/10\/AIMC_Revue-Presse_2005.pdf\" target=\"_blank\" rel=\"noopener noreferrer\">Revue de presse &#8211; 2005 (.pdf)<\/a><\/li>\n<li><a href=\"https:\/\/www.actioninnocencemonaco.com\/wp-content\/uploads\/2019\/10\/AIMC_Revue-Presse_2003-2004.pdf\" target=\"_blank\" rel=\"noopener noreferrer\">Revue de presse &#8211; 2004\/2003 (.pdf)<\/a><\/li>\n<\/ul>\n<p>[\/vc_column_text][\/vc_column][\/vc_row]<\/p>\n","protected":false},"excerpt":{"rendered":"<p>[vc_row][vc_column][ultimate_spacer height=\u00a0\u00bb10&Prime;][\/vc_column][\/vc_row][vc_row][vc_column][vc_column_text] AIMC PRESS RELEASE: December 2022 20th Anniversary of AIMC (20 ans AIMC) 2022\/3 AIMC Media\/PRESS KIT 2022\/3 [\/vc_column_text][vc_column_text] 2022-12-16, MONACO TRIBUNE, Record Christmas tree sale for Action Innocence Monaco\u2019s 20th anniversary&nbsp; 2022-12-15, GE MAGAZINE, ACTION INNOCENCE MONACO: 20 anni da celebrare con l\u2019asta dei Sapins d\u2019Action Innocence 2022-12-15, MONACO TRIBUNE, Vente de sapins [&hellip;]<\/p>\n","protected":false},"author":1,"featured_media":0,"parent":6906,"menu_order":0,"comment_status":"open","ping_status":"closed","template":"","meta":{"_bbp_topic_count":0,"_bbp_reply_count":0,"_bbp_total_topic_count":0,"_bbp_total_reply_count":0,"_bbp_voice_count":0,"_bbp_anonymous_reply_count":0,"_bbp_topic_count_hidden":0,"_bbp_reply_count_hidden":0,"_bbp_forum_subforum_count":0,"ngg_post_thumbnail":0,"_themeisle_gutenberg_block_has_review":false,"footnotes":""},"yoast_head":"<!-- This site is optimized with the Yoast SEO plugin v22.6 - https:\/\/yoast.com\/wordpress\/plugins\/seo\/ -->\n<title>Revue de Presse - Action Innocence Monaco<\/title>\n<meta name=\"description\" content=\"Action Innocence Monaco informe et de sensibilise les jeunes, les parents et les professionnels sur les risques et les d\u00e9rives li\u00e9s \u00e0 l\u2019usage d\u2019Internet et lutte contre la p\u00e9docriminalit\u00e9 sur Internet.\" class=\"yoast-seo-meta-tag\" \/>\n<meta name=\"robots\" content=\"index, follow, max-snippet:-1, max-image-preview:large, max-video-preview:-1\" \/>\n<link rel=\"canonical\" href=\"https:\/\/www.actioninnocencemonaco.com\/fr\/publications\/articles-de-presse\/\" class=\"yoast-seo-meta-tag\" \/>\n<meta property=\"og:locale\" content=\"fr_FR\" class=\"yoast-seo-meta-tag\" \/>\n<meta property=\"og:type\" content=\"article\" class=\"yoast-seo-meta-tag\" \/>\n<meta property=\"og:title\" content=\"Revue de Presse - Action Innocence Monaco\" class=\"yoast-seo-meta-tag\" \/>\n<meta property=\"og:description\" content=\"Action Innocence Monaco informe et de sensibilise les jeunes, les parents et les professionnels sur les risques et les d\u00e9rives li\u00e9s \u00e0 l\u2019usage d\u2019Internet et lutte contre la p\u00e9docriminalit\u00e9 sur Internet.\" class=\"yoast-seo-meta-tag\" \/>\n<meta property=\"og:url\" content=\"https:\/\/www.actioninnocencemonaco.com\/fr\/publications\/articles-de-presse\/\" class=\"yoast-seo-meta-tag\" \/>\n<meta property=\"og:site_name\" content=\"Action Innocence Monaco\" class=\"yoast-seo-meta-tag\" \/>\n<meta property=\"article:publisher\" content=\"https:\/\/www.facebook.com\/actioninnocencemonaco\" class=\"yoast-seo-meta-tag\" \/>\n<meta property=\"article:modified_time\" content=\"2023-01-15T18:31:53+00:00\" class=\"yoast-seo-meta-tag\" \/>\n<meta property=\"og:image\" content=\"https:\/\/mluscajs1eaw.i.optimole.com\/cb:cWFf.40cfa\/w:250\/h:94\/q:mauto\/ig:avif\/f:best\/https:\/\/www.actioninnocencemonaco.com\/wp-content\/uploads\/2021\/02\/logo.png\" class=\"yoast-seo-meta-tag\" \/>\n\t<meta property=\"og:image:width\" content=\"250\" class=\"yoast-seo-meta-tag\" \/>\n\t<meta property=\"og:image:height\" content=\"94\" class=\"yoast-seo-meta-tag\" \/>\n\t<meta property=\"og:image:type\" content=\"image\/png\" class=\"yoast-seo-meta-tag\" \/>\n<meta name=\"twitter:card\" content=\"summary_large_image\" class=\"yoast-seo-meta-tag\" \/>\n<meta name=\"twitter:site\" content=\"@ActionMonaco\" class=\"yoast-seo-meta-tag\" \/>\n<meta name=\"twitter:label1\" content=\"Dur\u00e9e de lecture estim\u00e9e\" class=\"yoast-seo-meta-tag\" \/>\n\t<meta name=\"twitter:data1\" content=\"2 minutes\" class=\"yoast-seo-meta-tag\" \/>\n<script type=\"application\/ld+json\" class=\"yoast-schema-graph\">{\"@context\":\"https:\/\/schema.org\",\"@graph\":[{\"@type\":\"WebPage\",\"@id\":\"https:\/\/www.actioninnocencemonaco.com\/fr\/publications\/articles-de-presse\/\",\"url\":\"https:\/\/www.actioninnocencemonaco.com\/fr\/publications\/articles-de-presse\/\",\"name\":\"Revue de Presse - Action Innocence Monaco\",\"isPartOf\":{\"@id\":\"https:\/\/www.actioninnocencemonaco.com\/fr\/#website\"},\"datePublished\":\"2019-11-04T05:32:03+00:00\",\"dateModified\":\"2023-01-15T18:31:53+00:00\",\"description\":\"Action Innocence Monaco informe et de sensibilise les jeunes, les parents et les professionnels sur les risques et les d\u00e9rives li\u00e9s \u00e0 l\u2019usage d\u2019Internet et lutte contre la p\u00e9docriminalit\u00e9 sur Internet.\",\"breadcrumb\":{\"@id\":\"https:\/\/www.actioninnocencemonaco.com\/fr\/publications\/articles-de-presse\/#breadcrumb\"},\"inLanguage\":\"fr-FR\",\"potentialAction\":[{\"@type\":\"ReadAction\",\"target\":[\"https:\/\/www.actioninnocencemonaco.com\/fr\/publications\/articles-de-presse\/\"]}]},{\"@type\":\"BreadcrumbList\",\"@id\":\"https:\/\/www.actioninnocencemonaco.com\/fr\/publications\/articles-de-presse\/#breadcrumb\",\"itemListElement\":[{\"@type\":\"ListItem\",\"position\":1,\"name\":\"Accueil\",\"item\":\"https:\/\/www.actioninnocencemonaco.com\/fr\/\"},{\"@type\":\"ListItem\",\"position\":2,\"name\":\"AIMC &#8211; 5 &#8211; Publications\",\"item\":\"https:\/\/www.actioninnocencemonaco.com\/fr\/publications\/\"},{\"@type\":\"ListItem\",\"position\":3,\"name\":\"Revue de Presse\"}]},{\"@type\":\"WebSite\",\"@id\":\"https:\/\/www.actioninnocencemonaco.com\/fr\/#website\",\"url\":\"https:\/\/www.actioninnocencemonaco.com\/fr\/\",\"name\":\"Action Innocence Monaco\",\"description\":\"Oui \u00e0 L\u2019Internet, Non \u00e0 ses dangers !\",\"publisher\":{\"@id\":\"https:\/\/www.actioninnocencemonaco.com\/fr\/#organization\"},\"potentialAction\":[{\"@type\":\"SearchAction\",\"target\":{\"@type\":\"EntryPoint\",\"urlTemplate\":\"https:\/\/www.actioninnocencemonaco.com\/fr\/?s={search_term_string}\"},\"query-input\":\"required name=search_term_string\"}],\"inLanguage\":\"fr-FR\"},{\"@type\":\"Organization\",\"@id\":\"https:\/\/www.actioninnocencemonaco.com\/fr\/#organization\",\"name\":\"Action Innocence Monaco\",\"url\":\"https:\/\/www.actioninnocencemonaco.com\/fr\/\",\"logo\":{\"@type\":\"ImageObject\",\"inLanguage\":\"fr-FR\",\"@id\":\"https:\/\/www.actioninnocencemonaco.com\/fr\/#\/schema\/logo\/image\/\",\"url\":\"https:\/\/mluscajs1eaw.i.optimole.com\/cb:cWFf.40cfa\/w:auto\/h:auto\/q:mauto\/ig:avif\/f:best\/https:\/\/www.actioninnocencemonaco.com\/wp-content\/uploads\/2019\/10\/logo.png\",\"contentUrl\":\"https:\/\/mluscajs1eaw.i.optimole.com\/cb:cWFf.40cfa\/w:auto\/h:auto\/q:mauto\/ig:avif\/f:best\/https:\/\/www.actioninnocencemonaco.com\/wp-content\/uploads\/2019\/10\/logo.png\",\"width\":250,\"height\":94,\"caption\":\"Action Innocence Monaco\"},\"image\":{\"@id\":\"https:\/\/www.actioninnocencemonaco.com\/fr\/#\/schema\/logo\/image\/\"},\"sameAs\":[\"https:\/\/www.facebook.com\/actioninnocencemonaco\",\"https:\/\/x.com\/ActionMonaco\",\"https:\/\/www.instagram.com\/action_innocence_monaco\/\",\"https:\/\/www.linkedin.com\/in\/action-innocence-monaco-29219a198\",\"https:\/\/www.youtube.com\/channel\/UCgDybl4ueHSrLRc0_9E1R8g\"]}]}<\/script>\n<!-- \/ Yoast SEO plugin. -->","yoast_head_json":{"title":"Revue de Presse - Action Innocence Monaco","description":"Action Innocence Monaco informe et de sensibilise les jeunes, les parents et les professionnels sur les risques et les d\u00e9rives li\u00e9s \u00e0 l\u2019usage d\u2019Internet et lutte contre la p\u00e9docriminalit\u00e9 sur Internet.","robots":{"index":"index","follow":"follow","max-snippet":"max-snippet:-1","max-image-preview":"max-image-preview:large","max-video-preview":"max-video-preview:-1"},"canonical":"https:\/\/www.actioninnocencemonaco.com\/fr\/publications\/articles-de-presse\/","og_locale":"fr_FR","og_type":"article","og_title":"Revue de Presse - Action Innocence Monaco","og_description":"Action Innocence Monaco informe et de sensibilise les jeunes, les parents et les professionnels sur les risques et les d\u00e9rives li\u00e9s \u00e0 l\u2019usage d\u2019Internet et lutte contre la p\u00e9docriminalit\u00e9 sur Internet.","og_url":"https:\/\/www.actioninnocencemonaco.com\/fr\/publications\/articles-de-presse\/","og_site_name":"Action Innocence Monaco","article_publisher":"https:\/\/www.facebook.com\/actioninnocencemonaco","article_modified_time":"2023-01-15T18:31:53+00:00","og_image":[{"width":250,"height":94,"url":"https:\/\/mluscajs1eaw.i.optimole.com\/cb:cWFf.40cfa\/w:250\/h:94\/q:mauto\/ig:avif\/f:best\/https:\/\/www.actioninnocencemonaco.com\/wp-content\/uploads\/2021\/02\/logo.png","type":"image\/png"}],"twitter_card":"summary_large_image","twitter_site":"@ActionMonaco","twitter_misc":{"Dur\u00e9e de lecture estim\u00e9e":"2 minutes"},"schema":{"@context":"https:\/\/schema.org","@graph":[{"@type":"WebPage","@id":"https:\/\/www.actioninnocencemonaco.com\/fr\/publications\/articles-de-presse\/","url":"https:\/\/www.actioninnocencemonaco.com\/fr\/publications\/articles-de-presse\/","name":"Revue de Presse - Action Innocence Monaco","isPartOf":{"@id":"https:\/\/www.actioninnocencemonaco.com\/fr\/#website"},"datePublished":"2019-11-04T05:32:03+00:00","dateModified":"2023-01-15T18:31:53+00:00","description":"Action Innocence Monaco informe et de sensibilise les jeunes, les parents et les professionnels sur les risques et les d\u00e9rives li\u00e9s \u00e0 l\u2019usage d\u2019Internet et lutte contre la p\u00e9docriminalit\u00e9 sur Internet.","breadcrumb":{"@id":"https:\/\/www.actioninnocencemonaco.com\/fr\/publications\/articles-de-presse\/#breadcrumb"},"inLanguage":"fr-FR","potentialAction":[{"@type":"ReadAction","target":["https:\/\/www.actioninnocencemonaco.com\/fr\/publications\/articles-de-presse\/"]}]},{"@type":"BreadcrumbList","@id":"https:\/\/www.actioninnocencemonaco.com\/fr\/publications\/articles-de-presse\/#breadcrumb","itemListElement":[{"@type":"ListItem","position":1,"name":"Accueil","item":"https:\/\/www.actioninnocencemonaco.com\/fr\/"},{"@type":"ListItem","position":2,"name":"AIMC &#8211; 5 &#8211; Publications","item":"https:\/\/www.actioninnocencemonaco.com\/fr\/publications\/"},{"@type":"ListItem","position":3,"name":"Revue de Presse"}]},{"@type":"WebSite","@id":"https:\/\/www.actioninnocencemonaco.com\/fr\/#website","url":"https:\/\/www.actioninnocencemonaco.com\/fr\/","name":"Action Innocence Monaco","description":"Oui \u00e0 L\u2019Internet, Non \u00e0 ses dangers !","publisher":{"@id":"https:\/\/www.actioninnocencemonaco.com\/fr\/#organization"},"potentialAction":[{"@type":"SearchAction","target":{"@type":"EntryPoint","urlTemplate":"https:\/\/www.actioninnocencemonaco.com\/fr\/?s={search_term_string}"},"query-input":"required name=search_term_string"}],"inLanguage":"fr-FR"},{"@type":"Organization","@id":"https:\/\/www.actioninnocencemonaco.com\/fr\/#organization","name":"Action Innocence Monaco","url":"https:\/\/www.actioninnocencemonaco.com\/fr\/","logo":{"@type":"ImageObject","inLanguage":"fr-FR","@id":"https:\/\/www.actioninnocencemonaco.com\/fr\/#\/schema\/logo\/image\/","url":"https:\/\/mluscajs1eaw.i.optimole.com\/cb:cWFf.40cfa\/w:auto\/h:auto\/q:mauto\/ig:avif\/f:best\/https:\/\/www.actioninnocencemonaco.com\/wp-content\/uploads\/2019\/10\/logo.png","contentUrl":"https:\/\/mluscajs1eaw.i.optimole.com\/cb:cWFf.40cfa\/w:auto\/h:auto\/q:mauto\/ig:avif\/f:best\/https:\/\/www.actioninnocencemonaco.com\/wp-content\/uploads\/2019\/10\/logo.png","width":250,"height":94,"caption":"Action Innocence Monaco"},"image":{"@id":"https:\/\/www.actioninnocencemonaco.com\/fr\/#\/schema\/logo\/image\/"},"sameAs":["https:\/\/www.facebook.com\/actioninnocencemonaco","https:\/\/x.com\/ActionMonaco","https:\/\/www.instagram.com\/action_innocence_monaco\/","https:\/\/www.linkedin.com\/in\/action-innocence-monaco-29219a198","https:\/\/www.youtube.com\/channel\/UCgDybl4ueHSrLRc0_9E1R8g"]}]}},"_links":{"self":[{"href":"https:\/\/www.actioninnocencemonaco.com\/fr\/wp-json\/wp\/v2\/pages\/6911\/"}],"collection":[{"href":"https:\/\/www.actioninnocencemonaco.com\/fr\/wp-json\/wp\/v2\/pages\/"}],"about":[{"href":"https:\/\/www.actioninnocencemonaco.com\/fr\/wp-json\/wp\/v2\/types\/page\/"}],"author":[{"embeddable":true,"href":"https:\/\/www.actioninnocencemonaco.com\/fr\/wp-json\/wp\/v2\/users\/1\/"}],"replies":[{"embeddable":true,"href":"https:\/\/www.actioninnocencemonaco.com\/fr\/wp-json\/wp\/v2\/comments\/?post=6911"}],"version-history":[{"count":0,"href":"https:\/\/www.actioninnocencemonaco.com\/fr\/wp-json\/wp\/v2\/pages\/6911\/revisions\/"}],"up":[{"embeddable":true,"href":"https:\/\/www.actioninnocencemonaco.com\/fr\/wp-json\/wp\/v2\/pages\/6906\/"}],"wp:attachment":[{"href":"https:\/\/www.actioninnocencemonaco.com\/fr\/wp-json\/wp\/v2\/media\/?parent=6911"}],"curies":[{"name":"wp","href":"https:\/\/api.w.org\/{rel}","templated":true}]}}