{"id":6758,"date":"2019-11-04T05:35:39","date_gmt":"2019-11-04T04:35:39","guid":{"rendered":"http:\/\/www.aimc.mms.mc\/association\/qui-sommes-nous\/lassociation-action-innocence-monaco.html"},"modified":"2019-11-04T08:31:34","modified_gmt":"2019-11-04T07:31:34","slug":"action-innocence-monaco","status":"publish","type":"page","link":"https:\/\/www.actioninnocencemonaco.com\/fr\/association\/identite\/action-innocence-monaco\/","title":{"rendered":"L\u2019association Action Innocence Monaco"},"content":{"rendered":"<p>[vc_row][vc_column]<h1 class=\"hr-title\">L\u2019association Action Innocence Monaco<\/h1>[ultimate_spacer height=\u00a0\u00bb10&Prime;][\/vc_column][\/vc_row][vc_row][vc_column][vc_column_text]Sans conteste, Internet est devenu le principal instrument de communication et d\u2019information de notre soci\u00e9t\u00e9. Espace de libert\u00e9 par excellence, il offre la possibilit\u00e9 de communiquer en temps r\u00e9el avec le monde entier et ne conna\u00eet aucune fronti\u00e8re. C\u2019est une fantastique fen\u00eatre ouverte sur le monde et la connaissance.<\/p>\n<p>C\u2019est le m\u00e9dia aujourd\u2019hui le plus utilis\u00e9 par les enfants loin devant la t\u00e9l\u00e9vision. Quotidiennement via un ordinateur, une tablette, un smartphone, les enfants surfent sur internet, interviennent sur Facebook, chattent sur des r\u00e9seaux sociaux, t\u00e9l\u00e9chargent des vid\u00e9os ou des musiques, \u00e9changent des photographies. Ce contact quotidien avec internet leur devient vite indispensable. En grande majorit\u00e9, ils pensent qu\u2019ils ne peuvent vivre sans \u00eatre connect\u00e9s au risque d\u2019\u00eatre coup\u00e9s des autres. Ce nouveau v\u00e9hicule d\u2019information et de communication est venu bousculer nos vies et suppose une utilisation prudente dont les enfants et les parents n\u2019ont pas toujours conscience.<\/p>\n<p>Car Internet peut v\u00e9hiculer le pire comme le meilleur. Les enfants sont ainsi confront\u00e9s volontairement ou non \u00e0 des contenus pr\u00e9judiciables pour eux (pornographie, violence..). Ils peuvent \u00eatre contact\u00e9s \u00e0 leur insu et \u00e0 celui de leurs parents par des personnes mal intentionn\u00e9es, des p\u00e9dophiles en recherche de rencontre ou des adultes cherchant \u00e0 les enroler dans des causes extr\u00eamistes. Ils peuvent aussi \u00eatre l\u2019objet de harc\u00e9lements, insultes ou autres susceptibles de les bouleverser dans leur vie scolaire ou sociale et pouvant les conduire \u00e0 des actes d\u00e9sesp\u00e9r\u00e9s.<\/p>\n<p>Utilisateur mais aussi acteur, l\u2019enfant doit conna\u00eetre et appliquer les r\u00e8gles d\u2019\u00e9thique et de prudence pour sa s\u00e9curit\u00e9, mais aussi les r\u00e8gles du respect de la vie priv\u00e9e, du droit \u00e0 l\u2019image, du droit d\u2019auteur\u2026<\/p>\n<h2>Historique \u00e0 Monaco<\/h2>\n<p>C\u2019est pourquoi en 2002, b\u00e9n\u00e9ficant du Haut Patronage de son Altesse S\u00e9r\u00e9nissime le Prince Albert II, de la coop\u00e9ration de la Direction de l&rsquo;Education Nationale de la Jeunesse et des Sports ainsi que de la Direction de la S\u00fbret\u00e9 Publique de la Principaut\u00e9 de Monaco, Louisette L\u00e9vy-Soussan Azzoaglio, Pr\u00e9sidente, reprend l\u2019action initi\u00e9e par Val\u00e9rie Wertheimer, Pr\u00e9sidente d\u2019Action Innocence Gen\u00e8ve, et ouvre&nbsp; Action Innocence \u00e0 Monaco, association juridiquement et financi\u00e8rement ind\u00e9pendante mais rattach\u00e9e dans l\u2019action \u00e0 la politique initi\u00e9e par Action Innocence Gen\u00e8ve.<\/p>\n<p>En octobre 2014, l\u2019antenne \u00ab Action Innocence \u00bb de Monaco prend son envol en devenant totalement autonome et devient \u00ab Action Innocence Monaco \u00bb qui poursuit le m\u00eame combat et le m\u00eame but qu\u2019\u00e0 sa cr\u00e9ation mais offre \u00e0 pr\u00e9sent une nouvelle entit\u00e9 visuelle ainsi qu\u2019un nouveau site internet plus convivial et ludique.<\/p>\n<h2>Objectifs<\/h2>\n<p>Action Innocence Monaco est une association \u00e0 but non lucratif. Ses ressources proviennent des cotisations des membres actifs et bienfaiteurs, de dons ainsi que des fonds collect\u00e9s lors d\u2019organisations d\u2019\u00e9v\u00e8nements. Elle a pour objectifs&nbsp;:<\/p>\n<ul>\n<li>D\u2019informer et de sensibiliser les jeunes, les parents, les professionnels de l\u2019\u00e9ducation et de la sant\u00e9, les Institutions&nbsp; sur les risques et les d\u00e9rives li\u00e9s \u00e0 l\u2019usage d\u2019Internet<\/li>\n<li>De promouvoir une pratique s\u00e9curis\u00e9e d\u2019Internet par le biais de ces sessions de pr\u00e9vention<\/li>\n<li>De transmettre et de partager son exp\u00e9rience et son expertise<\/li>\n<li>De lutter contre la p\u00e9docriminalit\u00e9 sur Internet<\/li>\n<\/ul>\n<h2>Moyens<\/h2>\n<ul>\n<li>La cr\u00e9ation et la distribution gratuite d\u2019outils d\u2019information et de pr\u00e9vention.<\/li>\n<li>Le d\u00e9veloppement de nouvelles technologies innovantes et performantes afin de coop\u00e9rer efficacement avec les professionnels de l\u2019informatique.<\/li>\n<li>L\u2019acquisition et la mise \u00e0 jour des connaissances juridiques n\u00e9cessaires aux fins d\u2019interventions cibl\u00e9es aupr\u00e8s des organismes gouvernementaux et des pouvoirs politiques pour faire \u00e9voluer les l\u00e9gislations devenues obsol\u00e9tes.<\/li>\n<li>L\u2019intervention de psychologues en milieu scolaire via des s\u00e9ances de pr\u00e9vention.<\/li>\n<li>La mobilisation du public et des utilisateurs d\u2019Internet afin de s\u2019assurer de la coop\u00e9ration des professionnels de l\u2019informatique, en particulier les fournisseurs d\u2019acc\u00e8s et des pouvoirs publics et politiques.<\/li>\n<\/ul>\n<p>[\/vc_column_text][\/vc_column][\/vc_row]<\/p>\n","protected":false},"excerpt":{"rendered":"<p>[vc_row][vc_column][ultimate_spacer height=\u00a0\u00bb10&Prime;][\/vc_column][\/vc_row][vc_row][vc_column][vc_column_text]Sans conteste, Internet est devenu le principal instrument de communication et d\u2019information de notre soci\u00e9t\u00e9. Espace de libert\u00e9 par excellence, il offre la possibilit\u00e9 de communiquer en temps r\u00e9el avec le monde entier et ne conna\u00eet aucune fronti\u00e8re. C\u2019est une fantastique fen\u00eatre ouverte sur le monde et la connaissance. C\u2019est le m\u00e9dia aujourd\u2019hui le [&hellip;]<\/p>\n","protected":false},"author":1,"featured_media":0,"parent":6753,"menu_order":0,"comment_status":"open","ping_status":"closed","template":"","meta":{"_bbp_topic_count":0,"_bbp_reply_count":0,"_bbp_total_topic_count":0,"_bbp_total_reply_count":0,"_bbp_voice_count":0,"_bbp_anonymous_reply_count":0,"_bbp_topic_count_hidden":0,"_bbp_reply_count_hidden":0,"_bbp_forum_subforum_count":0,"ngg_post_thumbnail":0,"_themeisle_gutenberg_block_has_review":false,"footnotes":""},"yoast_head":"<!-- This site is optimized with the Yoast SEO plugin v22.6 - https:\/\/yoast.com\/wordpress\/plugins\/seo\/ -->\n<title>L\u2019association Action Innocence Monaco - Action Innocence Monaco<\/title>\n<meta name=\"description\" content=\"Action Innocence Monaco informe et de sensibilise les jeunes, les parents et les professionnels sur les risques et les d\u00e9rives li\u00e9s \u00e0 l\u2019usage d\u2019Internet et lutte contre la p\u00e9docriminalit\u00e9 sur Internet.\" class=\"yoast-seo-meta-tag\" \/>\n<meta name=\"robots\" content=\"index, follow, max-snippet:-1, max-image-preview:large, max-video-preview:-1\" \/>\n<link rel=\"canonical\" href=\"https:\/\/www.actioninnocencemonaco.com\/fr\/association\/identite\/action-innocence-monaco\/\" class=\"yoast-seo-meta-tag\" \/>\n<meta property=\"og:locale\" content=\"fr_FR\" class=\"yoast-seo-meta-tag\" \/>\n<meta property=\"og:type\" content=\"article\" class=\"yoast-seo-meta-tag\" \/>\n<meta property=\"og:title\" content=\"L\u2019association Action Innocence Monaco - Action Innocence Monaco\" class=\"yoast-seo-meta-tag\" \/>\n<meta property=\"og:description\" content=\"Action Innocence Monaco informe et de sensibilise les jeunes, les parents et les professionnels sur les risques et les d\u00e9rives li\u00e9s \u00e0 l\u2019usage d\u2019Internet et lutte contre la p\u00e9docriminalit\u00e9 sur Internet.\" class=\"yoast-seo-meta-tag\" \/>\n<meta property=\"og:url\" content=\"https:\/\/www.actioninnocencemonaco.com\/fr\/association\/identite\/action-innocence-monaco\/\" class=\"yoast-seo-meta-tag\" \/>\n<meta property=\"og:site_name\" content=\"Action Innocence Monaco\" class=\"yoast-seo-meta-tag\" \/>\n<meta property=\"article:publisher\" content=\"https:\/\/www.facebook.com\/actioninnocencemonaco\" class=\"yoast-seo-meta-tag\" \/>\n<meta property=\"article:modified_time\" content=\"2019-11-04T07:31:34+00:00\" class=\"yoast-seo-meta-tag\" \/>\n<meta property=\"og:image\" content=\"https:\/\/mluscajs1eaw.i.optimole.com\/cb:cWFf.40cfa\/w:250\/h:94\/q:mauto\/ig:avif\/f:best\/https:\/\/www.actioninnocencemonaco.com\/wp-content\/uploads\/2021\/02\/logo.png\" class=\"yoast-seo-meta-tag\" \/>\n\t<meta property=\"og:image:width\" content=\"250\" class=\"yoast-seo-meta-tag\" \/>\n\t<meta property=\"og:image:height\" content=\"94\" class=\"yoast-seo-meta-tag\" \/>\n\t<meta property=\"og:image:type\" content=\"image\/png\" class=\"yoast-seo-meta-tag\" \/>\n<meta name=\"twitter:card\" content=\"summary_large_image\" class=\"yoast-seo-meta-tag\" \/>\n<meta name=\"twitter:site\" content=\"@ActionMonaco\" class=\"yoast-seo-meta-tag\" \/>\n<meta name=\"twitter:label1\" content=\"Dur\u00e9e de lecture estim\u00e9e\" class=\"yoast-seo-meta-tag\" \/>\n\t<meta name=\"twitter:data1\" content=\"4 minutes\" class=\"yoast-seo-meta-tag\" \/>\n<script type=\"application\/ld+json\" class=\"yoast-schema-graph\">{\"@context\":\"https:\/\/schema.org\",\"@graph\":[{\"@type\":\"WebPage\",\"@id\":\"https:\/\/www.actioninnocencemonaco.com\/fr\/association\/identite\/action-innocence-monaco\/\",\"url\":\"https:\/\/www.actioninnocencemonaco.com\/fr\/association\/identite\/action-innocence-monaco\/\",\"name\":\"L\u2019association Action Innocence Monaco - Action Innocence Monaco\",\"isPartOf\":{\"@id\":\"https:\/\/www.actioninnocencemonaco.com\/fr\/#website\"},\"datePublished\":\"2019-11-04T04:35:39+00:00\",\"dateModified\":\"2019-11-04T07:31:34+00:00\",\"description\":\"Action Innocence Monaco informe et de sensibilise les jeunes, les parents et les professionnels sur les risques et les d\u00e9rives li\u00e9s \u00e0 l\u2019usage d\u2019Internet et lutte contre la p\u00e9docriminalit\u00e9 sur Internet.\",\"breadcrumb\":{\"@id\":\"https:\/\/www.actioninnocencemonaco.com\/fr\/association\/identite\/action-innocence-monaco\/#breadcrumb\"},\"inLanguage\":\"fr-FR\",\"potentialAction\":[{\"@type\":\"ReadAction\",\"target\":[\"https:\/\/www.actioninnocencemonaco.com\/fr\/association\/identite\/action-innocence-monaco\/\"]}]},{\"@type\":\"BreadcrumbList\",\"@id\":\"https:\/\/www.actioninnocencemonaco.com\/fr\/association\/identite\/action-innocence-monaco\/#breadcrumb\",\"itemListElement\":[{\"@type\":\"ListItem\",\"position\":1,\"name\":\"Accueil\",\"item\":\"https:\/\/www.actioninnocencemonaco.com\/fr\/\"},{\"@type\":\"ListItem\",\"position\":2,\"name\":\"AIMC &#8211; 1 &#8211; Association\",\"item\":\"https:\/\/www.actioninnocencemonaco.com\/fr\/association\/\"},{\"@type\":\"ListItem\",\"position\":3,\"name\":\"Qui Sommes Nous ?\",\"item\":\"https:\/\/www.actioninnocencemonaco.com\/fr\/association\/identite\/\"},{\"@type\":\"ListItem\",\"position\":4,\"name\":\"L\u2019association Action Innocence Monaco\"}]},{\"@type\":\"WebSite\",\"@id\":\"https:\/\/www.actioninnocencemonaco.com\/fr\/#website\",\"url\":\"https:\/\/www.actioninnocencemonaco.com\/fr\/\",\"name\":\"Action Innocence Monaco\",\"description\":\"Oui \u00e0 L\u2019Internet, Non \u00e0 ses dangers !\",\"publisher\":{\"@id\":\"https:\/\/www.actioninnocencemonaco.com\/fr\/#organization\"},\"potentialAction\":[{\"@type\":\"SearchAction\",\"target\":{\"@type\":\"EntryPoint\",\"urlTemplate\":\"https:\/\/www.actioninnocencemonaco.com\/fr\/?s={search_term_string}\"},\"query-input\":\"required name=search_term_string\"}],\"inLanguage\":\"fr-FR\"},{\"@type\":\"Organization\",\"@id\":\"https:\/\/www.actioninnocencemonaco.com\/fr\/#organization\",\"name\":\"Action Innocence Monaco\",\"url\":\"https:\/\/www.actioninnocencemonaco.com\/fr\/\",\"logo\":{\"@type\":\"ImageObject\",\"inLanguage\":\"fr-FR\",\"@id\":\"https:\/\/www.actioninnocencemonaco.com\/fr\/#\/schema\/logo\/image\/\",\"url\":\"https:\/\/mluscajs1eaw.i.optimole.com\/cb:cWFf.40cfa\/w:auto\/h:auto\/q:mauto\/ig:avif\/f:best\/https:\/\/www.actioninnocencemonaco.com\/wp-content\/uploads\/2019\/10\/logo.png\",\"contentUrl\":\"https:\/\/mluscajs1eaw.i.optimole.com\/cb:cWFf.40cfa\/w:auto\/h:auto\/q:mauto\/ig:avif\/f:best\/https:\/\/www.actioninnocencemonaco.com\/wp-content\/uploads\/2019\/10\/logo.png\",\"width\":250,\"height\":94,\"caption\":\"Action Innocence Monaco\"},\"image\":{\"@id\":\"https:\/\/www.actioninnocencemonaco.com\/fr\/#\/schema\/logo\/image\/\"},\"sameAs\":[\"https:\/\/www.facebook.com\/actioninnocencemonaco\",\"https:\/\/x.com\/ActionMonaco\",\"https:\/\/www.instagram.com\/action_innocence_monaco\/\",\"https:\/\/www.linkedin.com\/in\/action-innocence-monaco-29219a198\",\"https:\/\/www.youtube.com\/channel\/UCgDybl4ueHSrLRc0_9E1R8g\"]}]}<\/script>\n<!-- \/ Yoast SEO plugin. -->","yoast_head_json":{"title":"L\u2019association Action Innocence Monaco - Action Innocence Monaco","description":"Action Innocence Monaco informe et de sensibilise les jeunes, les parents et les professionnels sur les risques et les d\u00e9rives li\u00e9s \u00e0 l\u2019usage d\u2019Internet et lutte contre la p\u00e9docriminalit\u00e9 sur Internet.","robots":{"index":"index","follow":"follow","max-snippet":"max-snippet:-1","max-image-preview":"max-image-preview:large","max-video-preview":"max-video-preview:-1"},"canonical":"https:\/\/www.actioninnocencemonaco.com\/fr\/association\/identite\/action-innocence-monaco\/","og_locale":"fr_FR","og_type":"article","og_title":"L\u2019association Action Innocence Monaco - Action Innocence Monaco","og_description":"Action Innocence Monaco informe et de sensibilise les jeunes, les parents et les professionnels sur les risques et les d\u00e9rives li\u00e9s \u00e0 l\u2019usage d\u2019Internet et lutte contre la p\u00e9docriminalit\u00e9 sur Internet.","og_url":"https:\/\/www.actioninnocencemonaco.com\/fr\/association\/identite\/action-innocence-monaco\/","og_site_name":"Action Innocence Monaco","article_publisher":"https:\/\/www.facebook.com\/actioninnocencemonaco","article_modified_time":"2019-11-04T07:31:34+00:00","og_image":[{"width":250,"height":94,"url":"https:\/\/mluscajs1eaw.i.optimole.com\/cb:cWFf.40cfa\/w:250\/h:94\/q:mauto\/ig:avif\/f:best\/https:\/\/www.actioninnocencemonaco.com\/wp-content\/uploads\/2021\/02\/logo.png","type":"image\/png"}],"twitter_card":"summary_large_image","twitter_site":"@ActionMonaco","twitter_misc":{"Dur\u00e9e de lecture estim\u00e9e":"4 minutes"},"schema":{"@context":"https:\/\/schema.org","@graph":[{"@type":"WebPage","@id":"https:\/\/www.actioninnocencemonaco.com\/fr\/association\/identite\/action-innocence-monaco\/","url":"https:\/\/www.actioninnocencemonaco.com\/fr\/association\/identite\/action-innocence-monaco\/","name":"L\u2019association Action Innocence Monaco - Action Innocence Monaco","isPartOf":{"@id":"https:\/\/www.actioninnocencemonaco.com\/fr\/#website"},"datePublished":"2019-11-04T04:35:39+00:00","dateModified":"2019-11-04T07:31:34+00:00","description":"Action Innocence Monaco informe et de sensibilise les jeunes, les parents et les professionnels sur les risques et les d\u00e9rives li\u00e9s \u00e0 l\u2019usage d\u2019Internet et lutte contre la p\u00e9docriminalit\u00e9 sur Internet.","breadcrumb":{"@id":"https:\/\/www.actioninnocencemonaco.com\/fr\/association\/identite\/action-innocence-monaco\/#breadcrumb"},"inLanguage":"fr-FR","potentialAction":[{"@type":"ReadAction","target":["https:\/\/www.actioninnocencemonaco.com\/fr\/association\/identite\/action-innocence-monaco\/"]}]},{"@type":"BreadcrumbList","@id":"https:\/\/www.actioninnocencemonaco.com\/fr\/association\/identite\/action-innocence-monaco\/#breadcrumb","itemListElement":[{"@type":"ListItem","position":1,"name":"Accueil","item":"https:\/\/www.actioninnocencemonaco.com\/fr\/"},{"@type":"ListItem","position":2,"name":"AIMC &#8211; 1 &#8211; Association","item":"https:\/\/www.actioninnocencemonaco.com\/fr\/association\/"},{"@type":"ListItem","position":3,"name":"Qui Sommes Nous ?","item":"https:\/\/www.actioninnocencemonaco.com\/fr\/association\/identite\/"},{"@type":"ListItem","position":4,"name":"L\u2019association Action Innocence Monaco"}]},{"@type":"WebSite","@id":"https:\/\/www.actioninnocencemonaco.com\/fr\/#website","url":"https:\/\/www.actioninnocencemonaco.com\/fr\/","name":"Action Innocence Monaco","description":"Oui \u00e0 L\u2019Internet, Non \u00e0 ses dangers !","publisher":{"@id":"https:\/\/www.actioninnocencemonaco.com\/fr\/#organization"},"potentialAction":[{"@type":"SearchAction","target":{"@type":"EntryPoint","urlTemplate":"https:\/\/www.actioninnocencemonaco.com\/fr\/?s={search_term_string}"},"query-input":"required name=search_term_string"}],"inLanguage":"fr-FR"},{"@type":"Organization","@id":"https:\/\/www.actioninnocencemonaco.com\/fr\/#organization","name":"Action Innocence Monaco","url":"https:\/\/www.actioninnocencemonaco.com\/fr\/","logo":{"@type":"ImageObject","inLanguage":"fr-FR","@id":"https:\/\/www.actioninnocencemonaco.com\/fr\/#\/schema\/logo\/image\/","url":"https:\/\/mluscajs1eaw.i.optimole.com\/cb:cWFf.40cfa\/w:auto\/h:auto\/q:mauto\/ig:avif\/f:best\/https:\/\/www.actioninnocencemonaco.com\/wp-content\/uploads\/2019\/10\/logo.png","contentUrl":"https:\/\/mluscajs1eaw.i.optimole.com\/cb:cWFf.40cfa\/w:auto\/h:auto\/q:mauto\/ig:avif\/f:best\/https:\/\/www.actioninnocencemonaco.com\/wp-content\/uploads\/2019\/10\/logo.png","width":250,"height":94,"caption":"Action Innocence Monaco"},"image":{"@id":"https:\/\/www.actioninnocencemonaco.com\/fr\/#\/schema\/logo\/image\/"},"sameAs":["https:\/\/www.facebook.com\/actioninnocencemonaco","https:\/\/x.com\/ActionMonaco","https:\/\/www.instagram.com\/action_innocence_monaco\/","https:\/\/www.linkedin.com\/in\/action-innocence-monaco-29219a198","https:\/\/www.youtube.com\/channel\/UCgDybl4ueHSrLRc0_9E1R8g"]}]}},"_links":{"self":[{"href":"https:\/\/www.actioninnocencemonaco.com\/fr\/wp-json\/wp\/v2\/pages\/6758\/"}],"collection":[{"href":"https:\/\/www.actioninnocencemonaco.com\/fr\/wp-json\/wp\/v2\/pages\/"}],"about":[{"href":"https:\/\/www.actioninnocencemonaco.com\/fr\/wp-json\/wp\/v2\/types\/page\/"}],"author":[{"embeddable":true,"href":"https:\/\/www.actioninnocencemonaco.com\/fr\/wp-json\/wp\/v2\/users\/1\/"}],"replies":[{"embeddable":true,"href":"https:\/\/www.actioninnocencemonaco.com\/fr\/wp-json\/wp\/v2\/comments\/?post=6758"}],"version-history":[{"count":0,"href":"https:\/\/www.actioninnocencemonaco.com\/fr\/wp-json\/wp\/v2\/pages\/6758\/revisions\/"}],"up":[{"embeddable":true,"href":"https:\/\/www.actioninnocencemonaco.com\/fr\/wp-json\/wp\/v2\/pages\/6753\/"}],"wp:attachment":[{"href":"https:\/\/www.actioninnocencemonaco.com\/fr\/wp-json\/wp\/v2\/media\/?parent=6758"}],"curies":[{"name":"wp","href":"https:\/\/api.w.org\/{rel}","templated":true}]}}