{"id":6751,"date":"2019-11-04T05:29:07","date_gmt":"2019-11-04T04:29:07","guid":{"rendered":"http:\/\/www.aimc.mms.mc\/association\/faire-un-don.html"},"modified":"2019-11-04T08:31:48","modified_gmt":"2019-11-04T07:31:48","slug":"faire-un-don","status":"publish","type":"page","link":"https:\/\/www.actioninnocencemonaco.com\/fr\/association\/faire-un-don\/","title":{"rendered":"Faire un Don"},"content":{"rendered":"<p>[vc_row][vc_column]<h1 class=\"hr-title\">Faire un Don<br \/>\n<\/h1>[ultimate_spacer height=\u00a0\u00bb10&Prime;][\/vc_column][\/vc_row][vc_row][vc_column width=\u00a0\u00bb1\/2&Prime;][vc_column_text]Soutenir les Actions d\u2019Action Innocence Monaco, c\u2019est permettre \u00e0 plus de 5000 enfants de recevoir chaque ann\u00e9e une pr\u00e9vention aux dangers et d\u00e9rives d\u2019internet au sein de leur \u00e9tablissement scolaire ou de structures jeunesses.<\/p>\n<p><a href=\"https:\/\/mluscajs1eaw.i.optimole.com\/cb:cWFf.40cfa\/w:auto\/h:auto\/q:mauto\/ig:avif\/f:best\/http:\/\/www.actioninnocencemonaco.com\/wp-content\/uploads\/2019\/10\/Making_a_donation_web.jpg\" target=\"_blank\" rel=\"noopener noreferrer\">T\u00e9l\u00e9chargez le formulaire<\/a>.[\/vc_column_text][\/vc_column][vc_column width=\u00a0\u00bb1\/2&Prime;][vc_single_image image=\u00a0\u00bb6851&Prime; img_size=\u00a0\u00bblarge\u00a0\u00bb][\/vc_column][\/vc_row]<\/p>\n","protected":false},"excerpt":{"rendered":"<p>[vc_row][vc_column][ultimate_spacer height=\u00a0\u00bb10&Prime;][\/vc_column][\/vc_row][vc_row][vc_column width=\u00a0\u00bb1\/2&Prime;][vc_column_text]Soutenir les Actions d\u2019Action Innocence Monaco, c\u2019est permettre \u00e0 plus de 5000 enfants de recevoir chaque ann\u00e9e une pr\u00e9vention aux dangers et d\u00e9rives d\u2019internet au sein de leur \u00e9tablissement scolaire ou de structures jeunesses. T\u00e9l\u00e9chargez le formulaire.[\/vc_column_text][\/vc_column][vc_column width=\u00a0\u00bb1\/2&Prime;][vc_single_image image=\u00a0\u00bb6851&Prime; img_size=\u00a0\u00bblarge\u00a0\u00bb][\/vc_column][\/vc_row]<\/p>\n","protected":false},"author":1,"featured_media":0,"parent":6714,"menu_order":0,"comment_status":"open","ping_status":"closed","template":"","meta":{"_bbp_topic_count":0,"_bbp_reply_count":0,"_bbp_total_topic_count":0,"_bbp_total_reply_count":0,"_bbp_voice_count":0,"_bbp_anonymous_reply_count":0,"_bbp_topic_count_hidden":0,"_bbp_reply_count_hidden":0,"_bbp_forum_subforum_count":0,"ngg_post_thumbnail":0,"_themeisle_gutenberg_block_has_review":false,"footnotes":""},"yoast_head":"<!-- This site is optimized with the Yoast SEO plugin v22.6 - https:\/\/yoast.com\/wordpress\/plugins\/seo\/ -->\n<title>Faire un Don - Action Innocence Monaco<\/title>\n<meta name=\"description\" content=\"Action Innocence Monaco informe et de sensibilise les jeunes, les parents et les professionnels sur les risques et les d\u00e9rives li\u00e9s \u00e0 l\u2019usage d\u2019Internet et lutte contre la p\u00e9docriminalit\u00e9 sur Internet.\" class=\"yoast-seo-meta-tag\" \/>\n<meta name=\"robots\" content=\"index, follow, max-snippet:-1, max-image-preview:large, max-video-preview:-1\" \/>\n<link rel=\"canonical\" href=\"https:\/\/www.actioninnocencemonaco.com\/fr\/association\/faire-un-don\/\" class=\"yoast-seo-meta-tag\" \/>\n<meta property=\"og:locale\" content=\"fr_FR\" class=\"yoast-seo-meta-tag\" \/>\n<meta property=\"og:type\" content=\"article\" class=\"yoast-seo-meta-tag\" \/>\n<meta property=\"og:title\" content=\"Faire un Don - Action Innocence Monaco\" class=\"yoast-seo-meta-tag\" \/>\n<meta property=\"og:description\" content=\"Action Innocence Monaco informe et de sensibilise les jeunes, les parents et les professionnels sur les risques et les d\u00e9rives li\u00e9s \u00e0 l\u2019usage d\u2019Internet et lutte contre la p\u00e9docriminalit\u00e9 sur Internet.\" class=\"yoast-seo-meta-tag\" \/>\n<meta property=\"og:url\" content=\"https:\/\/www.actioninnocencemonaco.com\/fr\/association\/faire-un-don\/\" class=\"yoast-seo-meta-tag\" \/>\n<meta property=\"og:site_name\" content=\"Action Innocence Monaco\" class=\"yoast-seo-meta-tag\" \/>\n<meta property=\"article:publisher\" content=\"https:\/\/www.facebook.com\/actioninnocencemonaco\" class=\"yoast-seo-meta-tag\" \/>\n<meta property=\"article:modified_time\" content=\"2019-11-04T07:31:48+00:00\" class=\"yoast-seo-meta-tag\" \/>\n<meta property=\"og:image\" content=\"https:\/\/mluscajs1eaw.i.optimole.com\/cb:cWFf.40cfa\/w:250\/h:94\/q:mauto\/ig:avif\/f:best\/https:\/\/www.actioninnocencemonaco.com\/wp-content\/uploads\/2021\/02\/logo.png\" class=\"yoast-seo-meta-tag\" \/>\n\t<meta property=\"og:image:width\" content=\"250\" class=\"yoast-seo-meta-tag\" \/>\n\t<meta property=\"og:image:height\" content=\"94\" class=\"yoast-seo-meta-tag\" \/>\n\t<meta property=\"og:image:type\" content=\"image\/png\" class=\"yoast-seo-meta-tag\" \/>\n<meta name=\"twitter:card\" content=\"summary_large_image\" class=\"yoast-seo-meta-tag\" \/>\n<meta name=\"twitter:site\" content=\"@ActionMonaco\" class=\"yoast-seo-meta-tag\" \/>\n<script type=\"application\/ld+json\" class=\"yoast-schema-graph\">{\"@context\":\"https:\/\/schema.org\",\"@graph\":[{\"@type\":\"WebPage\",\"@id\":\"https:\/\/www.actioninnocencemonaco.com\/fr\/association\/faire-un-don\/\",\"url\":\"https:\/\/www.actioninnocencemonaco.com\/fr\/association\/faire-un-don\/\",\"name\":\"Faire un Don - Action Innocence Monaco\",\"isPartOf\":{\"@id\":\"https:\/\/www.actioninnocencemonaco.com\/fr\/#website\"},\"datePublished\":\"2019-11-04T04:29:07+00:00\",\"dateModified\":\"2019-11-04T07:31:48+00:00\",\"description\":\"Action Innocence Monaco informe et de sensibilise les jeunes, les parents et les professionnels sur les risques et les d\u00e9rives li\u00e9s \u00e0 l\u2019usage d\u2019Internet et lutte contre la p\u00e9docriminalit\u00e9 sur Internet.\",\"breadcrumb\":{\"@id\":\"https:\/\/www.actioninnocencemonaco.com\/fr\/association\/faire-un-don\/#breadcrumb\"},\"inLanguage\":\"fr-FR\",\"potentialAction\":[{\"@type\":\"ReadAction\",\"target\":[\"https:\/\/www.actioninnocencemonaco.com\/fr\/association\/faire-un-don\/\"]}]},{\"@type\":\"BreadcrumbList\",\"@id\":\"https:\/\/www.actioninnocencemonaco.com\/fr\/association\/faire-un-don\/#breadcrumb\",\"itemListElement\":[{\"@type\":\"ListItem\",\"position\":1,\"name\":\"Accueil\",\"item\":\"https:\/\/www.actioninnocencemonaco.com\/fr\/\"},{\"@type\":\"ListItem\",\"position\":2,\"name\":\"AIMC &#8211; 1 &#8211; Association\",\"item\":\"https:\/\/www.actioninnocencemonaco.com\/fr\/association\/\"},{\"@type\":\"ListItem\",\"position\":3,\"name\":\"Faire un Don\"}]},{\"@type\":\"WebSite\",\"@id\":\"https:\/\/www.actioninnocencemonaco.com\/fr\/#website\",\"url\":\"https:\/\/www.actioninnocencemonaco.com\/fr\/\",\"name\":\"Action Innocence Monaco\",\"description\":\"Oui \u00e0 L\u2019Internet, Non \u00e0 ses dangers !\",\"publisher\":{\"@id\":\"https:\/\/www.actioninnocencemonaco.com\/fr\/#organization\"},\"potentialAction\":[{\"@type\":\"SearchAction\",\"target\":{\"@type\":\"EntryPoint\",\"urlTemplate\":\"https:\/\/www.actioninnocencemonaco.com\/fr\/?s={search_term_string}\"},\"query-input\":\"required name=search_term_string\"}],\"inLanguage\":\"fr-FR\"},{\"@type\":\"Organization\",\"@id\":\"https:\/\/www.actioninnocencemonaco.com\/fr\/#organization\",\"name\":\"Action Innocence Monaco\",\"url\":\"https:\/\/www.actioninnocencemonaco.com\/fr\/\",\"logo\":{\"@type\":\"ImageObject\",\"inLanguage\":\"fr-FR\",\"@id\":\"https:\/\/www.actioninnocencemonaco.com\/fr\/#\/schema\/logo\/image\/\",\"url\":\"https:\/\/mluscajs1eaw.i.optimole.com\/cb:cWFf.40cfa\/w:auto\/h:auto\/q:mauto\/ig:avif\/f:best\/https:\/\/www.actioninnocencemonaco.com\/wp-content\/uploads\/2019\/10\/logo.png\",\"contentUrl\":\"https:\/\/mluscajs1eaw.i.optimole.com\/cb:cWFf.40cfa\/w:auto\/h:auto\/q:mauto\/ig:avif\/f:best\/https:\/\/www.actioninnocencemonaco.com\/wp-content\/uploads\/2019\/10\/logo.png\",\"width\":250,\"height\":94,\"caption\":\"Action Innocence Monaco\"},\"image\":{\"@id\":\"https:\/\/www.actioninnocencemonaco.com\/fr\/#\/schema\/logo\/image\/\"},\"sameAs\":[\"https:\/\/www.facebook.com\/actioninnocencemonaco\",\"https:\/\/x.com\/ActionMonaco\",\"https:\/\/www.instagram.com\/action_innocence_monaco\/\",\"https:\/\/www.linkedin.com\/in\/action-innocence-monaco-29219a198\",\"https:\/\/www.youtube.com\/channel\/UCgDybl4ueHSrLRc0_9E1R8g\"]}]}<\/script>\n<!-- \/ Yoast SEO plugin. -->","yoast_head_json":{"title":"Faire un Don - Action Innocence Monaco","description":"Action Innocence Monaco informe et de sensibilise les jeunes, les parents et les professionnels sur les risques et les d\u00e9rives li\u00e9s \u00e0 l\u2019usage d\u2019Internet et lutte contre la p\u00e9docriminalit\u00e9 sur Internet.","robots":{"index":"index","follow":"follow","max-snippet":"max-snippet:-1","max-image-preview":"max-image-preview:large","max-video-preview":"max-video-preview:-1"},"canonical":"https:\/\/www.actioninnocencemonaco.com\/fr\/association\/faire-un-don\/","og_locale":"fr_FR","og_type":"article","og_title":"Faire un Don - Action Innocence Monaco","og_description":"Action Innocence Monaco informe et de sensibilise les jeunes, les parents et les professionnels sur les risques et les d\u00e9rives li\u00e9s \u00e0 l\u2019usage d\u2019Internet et lutte contre la p\u00e9docriminalit\u00e9 sur Internet.","og_url":"https:\/\/www.actioninnocencemonaco.com\/fr\/association\/faire-un-don\/","og_site_name":"Action Innocence Monaco","article_publisher":"https:\/\/www.facebook.com\/actioninnocencemonaco","article_modified_time":"2019-11-04T07:31:48+00:00","og_image":[{"width":250,"height":94,"url":"https:\/\/mluscajs1eaw.i.optimole.com\/cb:cWFf.40cfa\/w:250\/h:94\/q:mauto\/ig:avif\/f:best\/https:\/\/www.actioninnocencemonaco.com\/wp-content\/uploads\/2021\/02\/logo.png","type":"image\/png"}],"twitter_card":"summary_large_image","twitter_site":"@ActionMonaco","schema":{"@context":"https:\/\/schema.org","@graph":[{"@type":"WebPage","@id":"https:\/\/www.actioninnocencemonaco.com\/fr\/association\/faire-un-don\/","url":"https:\/\/www.actioninnocencemonaco.com\/fr\/association\/faire-un-don\/","name":"Faire un Don - Action Innocence Monaco","isPartOf":{"@id":"https:\/\/www.actioninnocencemonaco.com\/fr\/#website"},"datePublished":"2019-11-04T04:29:07+00:00","dateModified":"2019-11-04T07:31:48+00:00","description":"Action Innocence Monaco informe et de sensibilise les jeunes, les parents et les professionnels sur les risques et les d\u00e9rives li\u00e9s \u00e0 l\u2019usage d\u2019Internet et lutte contre la p\u00e9docriminalit\u00e9 sur Internet.","breadcrumb":{"@id":"https:\/\/www.actioninnocencemonaco.com\/fr\/association\/faire-un-don\/#breadcrumb"},"inLanguage":"fr-FR","potentialAction":[{"@type":"ReadAction","target":["https:\/\/www.actioninnocencemonaco.com\/fr\/association\/faire-un-don\/"]}]},{"@type":"BreadcrumbList","@id":"https:\/\/www.actioninnocencemonaco.com\/fr\/association\/faire-un-don\/#breadcrumb","itemListElement":[{"@type":"ListItem","position":1,"name":"Accueil","item":"https:\/\/www.actioninnocencemonaco.com\/fr\/"},{"@type":"ListItem","position":2,"name":"AIMC &#8211; 1 &#8211; Association","item":"https:\/\/www.actioninnocencemonaco.com\/fr\/association\/"},{"@type":"ListItem","position":3,"name":"Faire un Don"}]},{"@type":"WebSite","@id":"https:\/\/www.actioninnocencemonaco.com\/fr\/#website","url":"https:\/\/www.actioninnocencemonaco.com\/fr\/","name":"Action Innocence Monaco","description":"Oui \u00e0 L\u2019Internet, Non \u00e0 ses dangers !","publisher":{"@id":"https:\/\/www.actioninnocencemonaco.com\/fr\/#organization"},"potentialAction":[{"@type":"SearchAction","target":{"@type":"EntryPoint","urlTemplate":"https:\/\/www.actioninnocencemonaco.com\/fr\/?s={search_term_string}"},"query-input":"required name=search_term_string"}],"inLanguage":"fr-FR"},{"@type":"Organization","@id":"https:\/\/www.actioninnocencemonaco.com\/fr\/#organization","name":"Action Innocence Monaco","url":"https:\/\/www.actioninnocencemonaco.com\/fr\/","logo":{"@type":"ImageObject","inLanguage":"fr-FR","@id":"https:\/\/www.actioninnocencemonaco.com\/fr\/#\/schema\/logo\/image\/","url":"https:\/\/mluscajs1eaw.i.optimole.com\/cb:cWFf.40cfa\/w:auto\/h:auto\/q:mauto\/ig:avif\/f:best\/https:\/\/www.actioninnocencemonaco.com\/wp-content\/uploads\/2019\/10\/logo.png","contentUrl":"https:\/\/mluscajs1eaw.i.optimole.com\/cb:cWFf.40cfa\/w:auto\/h:auto\/q:mauto\/ig:avif\/f:best\/https:\/\/www.actioninnocencemonaco.com\/wp-content\/uploads\/2019\/10\/logo.png","width":250,"height":94,"caption":"Action Innocence Monaco"},"image":{"@id":"https:\/\/www.actioninnocencemonaco.com\/fr\/#\/schema\/logo\/image\/"},"sameAs":["https:\/\/www.facebook.com\/actioninnocencemonaco","https:\/\/x.com\/ActionMonaco","https:\/\/www.instagram.com\/action_innocence_monaco\/","https:\/\/www.linkedin.com\/in\/action-innocence-monaco-29219a198","https:\/\/www.youtube.com\/channel\/UCgDybl4ueHSrLRc0_9E1R8g"]}]}},"_links":{"self":[{"href":"https:\/\/www.actioninnocencemonaco.com\/fr\/wp-json\/wp\/v2\/pages\/6751\/"}],"collection":[{"href":"https:\/\/www.actioninnocencemonaco.com\/fr\/wp-json\/wp\/v2\/pages\/"}],"about":[{"href":"https:\/\/www.actioninnocencemonaco.com\/fr\/wp-json\/wp\/v2\/types\/page\/"}],"author":[{"embeddable":true,"href":"https:\/\/www.actioninnocencemonaco.com\/fr\/wp-json\/wp\/v2\/users\/1\/"}],"replies":[{"embeddable":true,"href":"https:\/\/www.actioninnocencemonaco.com\/fr\/wp-json\/wp\/v2\/comments\/?post=6751"}],"version-history":[{"count":0,"href":"https:\/\/www.actioninnocencemonaco.com\/fr\/wp-json\/wp\/v2\/pages\/6751\/revisions\/"}],"up":[{"embeddable":true,"href":"https:\/\/www.actioninnocencemonaco.com\/fr\/wp-json\/wp\/v2\/pages\/6714\/"}],"wp:attachment":[{"href":"https:\/\/www.actioninnocencemonaco.com\/fr\/wp-json\/wp\/v2\/media\/?parent=6751"}],"curies":[{"name":"wp","href":"https:\/\/api.w.org\/{rel}","templated":true}]}}