{"id":5809,"date":"2019-10-30T17:51:15","date_gmt":"2019-10-30T16:51:15","guid":{"rendered":"http:\/\/www.aimc.mms.mc\/?page_id=5809"},"modified":"2019-11-08T14:33:31","modified_gmt":"2019-11-08T13:33:31","slug":"internal-publications","status":"publish","type":"page","link":"https:\/\/www.actioninnocencemonaco.com\/en\/publications\/internal-publications\/","title":{"rendered":"Publications"},"content":{"rendered":"<p>[vc_row][vc_column]<h1 class=\"hr-title\">Publications<\/h1>[ultimate_spacer height=&#8221;10&#8243;][\/vc_column][\/vc_row][vc_row gap=&#8221;10&#8243; equal_height=&#8221;yes&#8221;][vc_column width=&#8221;1\/3&#8243; css=&#8221;.vc_custom_1573219521436{border-top-width: 1px !important;border-right-width: 1px !important;border-bottom-width: 1px !important;border-left-width: 1px !important;border-left-color: #ff6600 !important;border-left-style: solid !important;border-right-color: #ff6600 !important;border-right-style: solid !important;border-top-color: #ff6600 !important;border-top-style: solid !important;border-bottom-color: #ff6600 !important;border-bottom-style: solid !important;border-radius: 5px !important;}&#8221;][vc_single_image image=&#8221;5393&#8243; img_size=&#8221;full&#8221; alignment=&#8221;center&#8221; onclick=&#8221;custom_link&#8221; img_link_target=&#8221;_blank&#8221; link=&#8221;http:\/\/www.actioninnocencemonaco.com\/wp-content\/uploads\/2019\/10\/AIMC_Publication-01.pdf&#8221;][vc_column_text]<\/p>\n<h3>Publication n\u00b01<\/h3>\n<p>At the request of the \u201cAssociation des Parents d\u2019El\u00e8ves de Monaco\u201d (APEM) (the Monaco\u2019s Parent Teacher Association) Noemy Kostic, psychologist in charge of the prevention division of AIMC, wrote an article on the theme \u201cviolence and new technologies\u201d article that was published in n\u00ba58 Trait d\u2019Union of the APEM the theme of which was \u201c Preventing violence\u201d.[\/vc_column_text][\/vc_column][vc_column width=&#8221;1\/3&#8243; css=&#8221;.vc_custom_1573219538641{border-top-width: 1px !important;border-right-width: 1px !important;border-bottom-width: 1px !important;border-left-width: 1px !important;border-left-color: #ff6600 !important;border-left-style: solid !important;border-right-color: #ff6600 !important;border-right-style: solid !important;border-top-color: #ff6600 !important;border-top-style: solid !important;border-bottom-color: #ff6600 !important;border-bottom-style: solid !important;border-radius: 5px !important;}&#8221;][vc_single_image image=&#8221;5394&#8243; img_size=&#8221;full&#8221; alignment=&#8221;center&#8221; onclick=&#8221;custom_link&#8221; img_link_target=&#8221;_blank&#8221; link=&#8221;http:\/\/www.actioninnocencemonaco.com\/wp-content\/uploads\/2019\/10\/AIMC_Publication-02.pdf&#8221;][vc_column_text]<\/p>\n<h3>Publication n\u00b02<\/h3>\n<p>Humiliation, intimidation on social media, grooming, sexting, etc. Faced with such abuses on the internet, adolescents are more and more confronted with these new internet abuses. Noemy Kostic, the association\u2019s clinical psychologist, gives us advice for us to feel less lost when faced with this verbal and visual violence.[\/vc_column_text][\/vc_column][vc_column width=&#8221;1\/3&#8243; css=&#8221;.vc_custom_1573219559896{border-top-width: 1px !important;border-right-width: 1px !important;border-bottom-width: 1px !important;border-left-width: 1px !important;border-left-color: #ff6600 !important;border-left-style: solid !important;border-right-color: #ff6600 !important;border-right-style: solid !important;border-top-color: #ff6600 !important;border-top-style: solid !important;border-bottom-color: #ff6600 !important;border-bottom-style: solid !important;border-radius: 5px !important;}&#8221;][vc_single_image image=&#8221;5499&#8243; img_size=&#8221;full&#8221; alignment=&#8221;center&#8221; onclick=&#8221;custom_link&#8221; img_link_target=&#8221;_blank&#8221; link=&#8221;http:\/\/www.actioninnocencemonaco.com\/wp-content\/uploads\/2019\/11\/AIMC_Publication-03.pdf&#8221;][vc_column_text]<\/p>\n<h3>Publication n\u00b03<\/h3>\n<p>How to act if my child is a victim, author or witness of harassment?[\/vc_column_text][\/vc_column][\/vc_row]<\/p>\n","protected":false},"excerpt":{"rendered":"<p>[vc_row][vc_column][ultimate_spacer height=&#8221;10&#8243;][\/vc_column][\/vc_row][vc_row gap=&#8221;10&#8243; equal_height=&#8221;yes&#8221;][vc_column width=&#8221;1\/3&#8243; css=&#8221;.vc_custom_1573219521436{border-top-width: 1px !important;border-right-width: 1px !important;border-bottom-width: 1px !important;border-left-width: 1px !important;border-left-color: #ff6600 !important;border-left-style: solid !important;border-right-color: #ff6600 !important;border-right-style: solid !important;border-top-color: #ff6600 !important;border-top-style: solid !important;border-bottom-color: #ff6600 !important;border-bottom-style: solid !important;border-radius: 5px !important;}&#8221;][vc_single_image image=&#8221;5393&#8243; img_size=&#8221;full&#8221; alignment=&#8221;center&#8221; onclick=&#8221;custom_link&#8221; img_link_target=&#8221;_blank&#8221; link=&#8221;http:\/\/www.actioninnocencemonaco.com\/wp-content\/uploads\/2019\/10\/AIMC_Publication-01.pdf&#8221;][vc_column_text] Publication n\u00b01 At the request of the \u201cAssociation des Parents d\u2019El\u00e8ves de Monaco\u201d (APEM) (the Monaco\u2019s Parent [&hellip;]<\/p>\n","protected":false},"author":1,"featured_media":0,"parent":5798,"menu_order":0,"comment_status":"open","ping_status":"closed","template":"","meta":{"_bbp_topic_count":0,"_bbp_reply_count":0,"_bbp_total_topic_count":0,"_bbp_total_reply_count":0,"_bbp_voice_count":0,"_bbp_anonymous_reply_count":0,"_bbp_topic_count_hidden":0,"_bbp_reply_count_hidden":0,"_bbp_forum_subforum_count":0,"ngg_post_thumbnail":0,"_themeisle_gutenberg_block_has_review":false,"footnotes":""},"yoast_head":"<!-- This site is optimized with the Yoast SEO plugin v22.6 - https:\/\/yoast.com\/wordpress\/plugins\/seo\/ -->\n<title>Publications - Action Innocence Monaco<\/title>\n<meta name=\"description\" content=\"Action Innocence Monaco informe et de sensibilise les jeunes, les parents et les professionnels sur les risques et les d\u00e9rives li\u00e9s \u00e0 l\u2019usage d\u2019Internet et lutte contre la p\u00e9docriminalit\u00e9 sur Internet.\" class=\"yoast-seo-meta-tag\" \/>\n<meta name=\"robots\" content=\"index, follow, max-snippet:-1, max-image-preview:large, max-video-preview:-1\" \/>\n<link rel=\"canonical\" href=\"https:\/\/www.actioninnocencemonaco.com\/en\/publications\/internal-publications\/\" class=\"yoast-seo-meta-tag\" \/>\n<meta property=\"og:locale\" content=\"en_US\" class=\"yoast-seo-meta-tag\" \/>\n<meta property=\"og:type\" content=\"article\" class=\"yoast-seo-meta-tag\" \/>\n<meta property=\"og:title\" content=\"Publications - Action Innocence Monaco\" class=\"yoast-seo-meta-tag\" \/>\n<meta property=\"og:description\" content=\"Action Innocence Monaco informe et de sensibilise les jeunes, les parents et les professionnels sur les risques et les d\u00e9rives li\u00e9s \u00e0 l\u2019usage d\u2019Internet et lutte contre la p\u00e9docriminalit\u00e9 sur Internet.\" class=\"yoast-seo-meta-tag\" \/>\n<meta property=\"og:url\" content=\"https:\/\/www.actioninnocencemonaco.com\/en\/publications\/internal-publications\/\" class=\"yoast-seo-meta-tag\" \/>\n<meta property=\"og:site_name\" content=\"Action Innocence Monaco\" class=\"yoast-seo-meta-tag\" \/>\n<meta property=\"article:publisher\" content=\"https:\/\/www.facebook.com\/actioninnocencemonaco\" class=\"yoast-seo-meta-tag\" \/>\n<meta property=\"article:modified_time\" content=\"2019-11-08T13:33:31+00:00\" class=\"yoast-seo-meta-tag\" \/>\n<meta property=\"og:image\" content=\"https:\/\/mluscajs1eaw.i.optimole.com\/cb:cWFf.40cfa\/w:250\/h:94\/q:mauto\/ig:avif\/f:best\/https:\/\/www.actioninnocencemonaco.com\/wp-content\/uploads\/2021\/02\/logo.png\" class=\"yoast-seo-meta-tag\" \/>\n\t<meta property=\"og:image:width\" content=\"250\" class=\"yoast-seo-meta-tag\" \/>\n\t<meta property=\"og:image:height\" content=\"94\" class=\"yoast-seo-meta-tag\" \/>\n\t<meta property=\"og:image:type\" content=\"image\/png\" class=\"yoast-seo-meta-tag\" \/>\n<meta name=\"twitter:card\" content=\"summary_large_image\" class=\"yoast-seo-meta-tag\" \/>\n<meta name=\"twitter:site\" content=\"@ActionMonaco\" class=\"yoast-seo-meta-tag\" \/>\n<meta name=\"twitter:label1\" content=\"Est. reading time\" class=\"yoast-seo-meta-tag\" \/>\n\t<meta name=\"twitter:data1\" content=\"2 minutes\" class=\"yoast-seo-meta-tag\" \/>\n<script type=\"application\/ld+json\" class=\"yoast-schema-graph\">{\"@context\":\"https:\/\/schema.org\",\"@graph\":[{\"@type\":\"WebPage\",\"@id\":\"https:\/\/www.actioninnocencemonaco.com\/en\/publications\/internal-publications\/\",\"url\":\"https:\/\/www.actioninnocencemonaco.com\/en\/publications\/internal-publications\/\",\"name\":\"Publications - Action Innocence Monaco\",\"isPartOf\":{\"@id\":\"https:\/\/www.actioninnocencemonaco.com\/fr\/#website\"},\"datePublished\":\"2019-10-30T16:51:15+00:00\",\"dateModified\":\"2019-11-08T13:33:31+00:00\",\"description\":\"Action Innocence Monaco informe et de sensibilise les jeunes, les parents et les professionnels sur les risques et les d\u00e9rives li\u00e9s \u00e0 l\u2019usage d\u2019Internet et lutte contre la p\u00e9docriminalit\u00e9 sur Internet.\",\"breadcrumb\":{\"@id\":\"https:\/\/www.actioninnocencemonaco.com\/en\/publications\/internal-publications\/#breadcrumb\"},\"inLanguage\":\"en-US\",\"potentialAction\":[{\"@type\":\"ReadAction\",\"target\":[\"https:\/\/www.actioninnocencemonaco.com\/en\/publications\/internal-publications\/\"]}]},{\"@type\":\"BreadcrumbList\",\"@id\":\"https:\/\/www.actioninnocencemonaco.com\/en\/publications\/internal-publications\/#breadcrumb\",\"itemListElement\":[{\"@type\":\"ListItem\",\"position\":1,\"name\":\"Accueil\",\"item\":\"https:\/\/www.actioninnocencemonaco.com\/en\/\"},{\"@type\":\"ListItem\",\"position\":2,\"name\":\"AIMC &#8211; 5 &#8211; Publications\",\"item\":\"https:\/\/www.actioninnocencemonaco.com\/en\/publications\/\"},{\"@type\":\"ListItem\",\"position\":3,\"name\":\"Publications\"}]},{\"@type\":\"WebSite\",\"@id\":\"https:\/\/www.actioninnocencemonaco.com\/fr\/#website\",\"url\":\"https:\/\/www.actioninnocencemonaco.com\/fr\/\",\"name\":\"Action Innocence Monaco\",\"description\":\"Oui \u00e0 L\u2019Internet, Non \u00e0 ses dangers !\",\"publisher\":{\"@id\":\"https:\/\/www.actioninnocencemonaco.com\/fr\/#organization\"},\"potentialAction\":[{\"@type\":\"SearchAction\",\"target\":{\"@type\":\"EntryPoint\",\"urlTemplate\":\"https:\/\/www.actioninnocencemonaco.com\/fr\/?s={search_term_string}\"},\"query-input\":\"required name=search_term_string\"}],\"inLanguage\":\"en-US\"},{\"@type\":\"Organization\",\"@id\":\"https:\/\/www.actioninnocencemonaco.com\/fr\/#organization\",\"name\":\"Action Innocence Monaco\",\"url\":\"https:\/\/www.actioninnocencemonaco.com\/fr\/\",\"logo\":{\"@type\":\"ImageObject\",\"inLanguage\":\"en-US\",\"@id\":\"https:\/\/www.actioninnocencemonaco.com\/fr\/#\/schema\/logo\/image\/\",\"url\":\"https:\/\/mluscajs1eaw.i.optimole.com\/cb:cWFf.40cfa\/w:auto\/h:auto\/q:mauto\/ig:avif\/f:best\/https:\/\/www.actioninnocencemonaco.com\/wp-content\/uploads\/2019\/10\/logo.png\",\"contentUrl\":\"https:\/\/mluscajs1eaw.i.optimole.com\/cb:cWFf.40cfa\/w:auto\/h:auto\/q:mauto\/ig:avif\/f:best\/https:\/\/www.actioninnocencemonaco.com\/wp-content\/uploads\/2019\/10\/logo.png\",\"width\":250,\"height\":94,\"caption\":\"Action Innocence Monaco\"},\"image\":{\"@id\":\"https:\/\/www.actioninnocencemonaco.com\/fr\/#\/schema\/logo\/image\/\"},\"sameAs\":[\"https:\/\/www.facebook.com\/actioninnocencemonaco\",\"https:\/\/x.com\/ActionMonaco\",\"https:\/\/www.instagram.com\/action_innocence_monaco\/\",\"https:\/\/www.linkedin.com\/in\/action-innocence-monaco-29219a198\",\"https:\/\/www.youtube.com\/channel\/UCgDybl4ueHSrLRc0_9E1R8g\"]}]}<\/script>\n<!-- \/ Yoast SEO plugin. -->","yoast_head_json":{"title":"Publications - Action Innocence Monaco","description":"Action Innocence Monaco informe et de sensibilise les jeunes, les parents et les professionnels sur les risques et les d\u00e9rives li\u00e9s \u00e0 l\u2019usage d\u2019Internet et lutte contre la p\u00e9docriminalit\u00e9 sur Internet.","robots":{"index":"index","follow":"follow","max-snippet":"max-snippet:-1","max-image-preview":"max-image-preview:large","max-video-preview":"max-video-preview:-1"},"canonical":"https:\/\/www.actioninnocencemonaco.com\/en\/publications\/internal-publications\/","og_locale":"en_US","og_type":"article","og_title":"Publications - Action Innocence Monaco","og_description":"Action Innocence Monaco informe et de sensibilise les jeunes, les parents et les professionnels sur les risques et les d\u00e9rives li\u00e9s \u00e0 l\u2019usage d\u2019Internet et lutte contre la p\u00e9docriminalit\u00e9 sur Internet.","og_url":"https:\/\/www.actioninnocencemonaco.com\/en\/publications\/internal-publications\/","og_site_name":"Action Innocence Monaco","article_publisher":"https:\/\/www.facebook.com\/actioninnocencemonaco","article_modified_time":"2019-11-08T13:33:31+00:00","og_image":[{"width":250,"height":94,"url":"https:\/\/mluscajs1eaw.i.optimole.com\/cb:cWFf.40cfa\/w:250\/h:94\/q:mauto\/ig:avif\/f:best\/https:\/\/www.actioninnocencemonaco.com\/wp-content\/uploads\/2021\/02\/logo.png","type":"image\/png"}],"twitter_card":"summary_large_image","twitter_site":"@ActionMonaco","twitter_misc":{"Est. reading time":"2 minutes"},"schema":{"@context":"https:\/\/schema.org","@graph":[{"@type":"WebPage","@id":"https:\/\/www.actioninnocencemonaco.com\/en\/publications\/internal-publications\/","url":"https:\/\/www.actioninnocencemonaco.com\/en\/publications\/internal-publications\/","name":"Publications - Action Innocence Monaco","isPartOf":{"@id":"https:\/\/www.actioninnocencemonaco.com\/fr\/#website"},"datePublished":"2019-10-30T16:51:15+00:00","dateModified":"2019-11-08T13:33:31+00:00","description":"Action Innocence Monaco informe et de sensibilise les jeunes, les parents et les professionnels sur les risques et les d\u00e9rives li\u00e9s \u00e0 l\u2019usage d\u2019Internet et lutte contre la p\u00e9docriminalit\u00e9 sur Internet.","breadcrumb":{"@id":"https:\/\/www.actioninnocencemonaco.com\/en\/publications\/internal-publications\/#breadcrumb"},"inLanguage":"en-US","potentialAction":[{"@type":"ReadAction","target":["https:\/\/www.actioninnocencemonaco.com\/en\/publications\/internal-publications\/"]}]},{"@type":"BreadcrumbList","@id":"https:\/\/www.actioninnocencemonaco.com\/en\/publications\/internal-publications\/#breadcrumb","itemListElement":[{"@type":"ListItem","position":1,"name":"Accueil","item":"https:\/\/www.actioninnocencemonaco.com\/en\/"},{"@type":"ListItem","position":2,"name":"AIMC &#8211; 5 &#8211; Publications","item":"https:\/\/www.actioninnocencemonaco.com\/en\/publications\/"},{"@type":"ListItem","position":3,"name":"Publications"}]},{"@type":"WebSite","@id":"https:\/\/www.actioninnocencemonaco.com\/fr\/#website","url":"https:\/\/www.actioninnocencemonaco.com\/fr\/","name":"Action Innocence Monaco","description":"Oui \u00e0 L\u2019Internet, Non \u00e0 ses dangers !","publisher":{"@id":"https:\/\/www.actioninnocencemonaco.com\/fr\/#organization"},"potentialAction":[{"@type":"SearchAction","target":{"@type":"EntryPoint","urlTemplate":"https:\/\/www.actioninnocencemonaco.com\/fr\/?s={search_term_string}"},"query-input":"required name=search_term_string"}],"inLanguage":"en-US"},{"@type":"Organization","@id":"https:\/\/www.actioninnocencemonaco.com\/fr\/#organization","name":"Action Innocence Monaco","url":"https:\/\/www.actioninnocencemonaco.com\/fr\/","logo":{"@type":"ImageObject","inLanguage":"en-US","@id":"https:\/\/www.actioninnocencemonaco.com\/fr\/#\/schema\/logo\/image\/","url":"https:\/\/mluscajs1eaw.i.optimole.com\/cb:cWFf.40cfa\/w:auto\/h:auto\/q:mauto\/ig:avif\/f:best\/https:\/\/www.actioninnocencemonaco.com\/wp-content\/uploads\/2019\/10\/logo.png","contentUrl":"https:\/\/mluscajs1eaw.i.optimole.com\/cb:cWFf.40cfa\/w:auto\/h:auto\/q:mauto\/ig:avif\/f:best\/https:\/\/www.actioninnocencemonaco.com\/wp-content\/uploads\/2019\/10\/logo.png","width":250,"height":94,"caption":"Action Innocence Monaco"},"image":{"@id":"https:\/\/www.actioninnocencemonaco.com\/fr\/#\/schema\/logo\/image\/"},"sameAs":["https:\/\/www.facebook.com\/actioninnocencemonaco","https:\/\/x.com\/ActionMonaco","https:\/\/www.instagram.com\/action_innocence_monaco\/","https:\/\/www.linkedin.com\/in\/action-innocence-monaco-29219a198","https:\/\/www.youtube.com\/channel\/UCgDybl4ueHSrLRc0_9E1R8g"]}]}},"_links":{"self":[{"href":"https:\/\/www.actioninnocencemonaco.com\/en\/wp-json\/wp\/v2\/pages\/5809\/"}],"collection":[{"href":"https:\/\/www.actioninnocencemonaco.com\/en\/wp-json\/wp\/v2\/pages\/"}],"about":[{"href":"https:\/\/www.actioninnocencemonaco.com\/en\/wp-json\/wp\/v2\/types\/page\/"}],"author":[{"embeddable":true,"href":"https:\/\/www.actioninnocencemonaco.com\/en\/wp-json\/wp\/v2\/users\/1\/"}],"replies":[{"embeddable":true,"href":"https:\/\/www.actioninnocencemonaco.com\/en\/wp-json\/wp\/v2\/comments\/?post=5809"}],"version-history":[{"count":0,"href":"https:\/\/www.actioninnocencemonaco.com\/en\/wp-json\/wp\/v2\/pages\/5809\/revisions\/"}],"up":[{"embeddable":true,"href":"https:\/\/www.actioninnocencemonaco.com\/en\/wp-json\/wp\/v2\/pages\/5798\/"}],"wp:attachment":[{"href":"https:\/\/www.actioninnocencemonaco.com\/en\/wp-json\/wp\/v2\/media\/?parent=5809"}],"curies":[{"name":"wp","href":"https:\/\/api.w.org\/{rel}","templated":true}]}}