{"id":5364,"date":"2019-10-15T17:43:52","date_gmt":"2019-10-15T15:43:52","guid":{"rendered":"http:\/\/www.aimc.mms.mc\/?page_id=5364"},"modified":"2019-11-05T10:05:48","modified_gmt":"2019-11-05T09:05:48","slug":"our-actions","status":"publish","type":"page","link":"https:\/\/www.actioninnocencemonaco.com\/en\/association\/who-we-are\/our-actions\/","title":{"rendered":"Our Actions"},"content":{"rendered":"<p>[vc_row][vc_column]<h1 class=\"hr-title\">Our Actions<\/h1>[ultimate_spacer height=&#8221;10&#8243;][\/vc_column][\/vc_row][vc_row][vc_column][vc_column_text]By developing our youngsters\u2019 critical sense, we aim to move beyond an approach based strictly on prohibition.<br \/>\nIn order to do that, a general mobilization of the entire educational chain downstream is needed. We would like to unite all actors (parents, teachers, politicians) to make the internet a safe place.<\/p>\n<h2>Therefore our action takes many forms:<\/h2>\n<ul>\n<li><strong>A website<\/strong>: <a href=\"http:\/\/www.actioninnocencemonaco.com\">www.actioninnocencemonaco.com<\/a><\/li>\n<li>Promoting a secure internet practice through <strong>prevention campaigns in schools<\/strong>: our main mission consists in informing and warning children, parents, teachers and institutions, of the risks and abuses inherent to the internet. Our psychologist\u2019s mission is to facilitate prevention sessions. To date this program has been implemented from CE2 classes (third year of primary school) until the 3\u00e8me (4th year of high school), in all the Principality\u2019s schools and we also go on request to schools in France.<\/li>\n<li>Our <strong>prevention campaigns are aimed at the general public<\/strong>: we try to touch an ever growing number of people with hard-hitting awareness campaigns, for them to realise the high risks and abuses linked to an unsupervised usage of the internet.<\/li>\n<li><strong>Prevention technologies<\/strong>: we recommend a revolutionary tool called FILTRA that allows parents to choose the most effective method of filtering. That they can then install on their computers, phones, tablets, consoles in order to protect their children. FILTRA lists and grades all the existing filters on the market. It is available on the following website: <a href=\"http:\/\/www.filtra.info\" target=\"_blank\" rel=\"noopener noreferrer\">www.filtra.info<\/a>.<\/li>\n<li>We ensure a<strong> technology watch<\/strong> and we have carried out <strong>the implementation of specialised software<\/strong> for the \u201cS\u00fbret\u00e9 Publique de Monaco\u201d (the Monaco\u2019s police), which <strong>detects illegal downloading of data containing child pornography contents<\/strong>. Our association has trained the \u201cS\u00fbret\u00e9 Publique de Monaco\u201d in the configuration and use of this software, that they now use daily at the \u201cBrigade des Mineurs\u201d (the juvenile division).<\/li>\n<li><strong>Our legal and political actions<\/strong>: having become more aware because of our actions, the Principality of Monaco has developed a legal provision allowing punishment of any infringement carried out on our children.<\/li>\n<\/ul>\n<p>[\/vc_column_text][\/vc_column][\/vc_row][vc_row][vc_column css=&#8221;.vc_custom_1570804661827{margin-top: 50px !important;}&#8221;][vc_column_text]<\/p>\n<h6 style=\"text-align: center;\"><em>Our goal is to give children the keys to mastering the internet!<\/em><\/h6>\n<p>[\/vc_column_text][\/vc_column][\/vc_row]<\/p>\n","protected":false},"excerpt":{"rendered":"<p>[vc_row][vc_column][ultimate_spacer height=&#8221;10&#8243;][\/vc_column][\/vc_row][vc_row][vc_column][vc_column_text]By developing our youngsters\u2019 critical sense, we aim to move beyond an approach based strictly on prohibition. In order to do that, a general mobilization of the entire educational chain downstream is needed. We would like to unite all actors (parents, teachers, politicians) to make the internet a safe place. Therefore our action takes [&hellip;]<\/p>\n","protected":false},"author":1,"featured_media":0,"parent":5358,"menu_order":0,"comment_status":"open","ping_status":"closed","template":"","meta":{"_bbp_topic_count":0,"_bbp_reply_count":0,"_bbp_total_topic_count":0,"_bbp_total_reply_count":0,"_bbp_voice_count":0,"_bbp_anonymous_reply_count":0,"_bbp_topic_count_hidden":0,"_bbp_reply_count_hidden":0,"_bbp_forum_subforum_count":0,"ngg_post_thumbnail":0,"_themeisle_gutenberg_block_has_review":false,"footnotes":""},"yoast_head":"<!-- This site is optimized with the Yoast SEO plugin v22.6 - https:\/\/yoast.com\/wordpress\/plugins\/seo\/ -->\n<title>Our Actions - Action Innocence Monaco<\/title>\n<meta name=\"description\" content=\"Action Innocence Monaco informe et de sensibilise les jeunes, les parents et les professionnels sur les risques et les d\u00e9rives li\u00e9s \u00e0 l\u2019usage d\u2019Internet et lutte contre la p\u00e9docriminalit\u00e9 sur Internet.\" class=\"yoast-seo-meta-tag\" \/>\n<meta name=\"robots\" content=\"index, follow, max-snippet:-1, max-image-preview:large, max-video-preview:-1\" \/>\n<link rel=\"canonical\" href=\"https:\/\/www.actioninnocencemonaco.com\/en\/association\/who-we-are\/our-actions\/\" class=\"yoast-seo-meta-tag\" \/>\n<meta property=\"og:locale\" content=\"en_US\" class=\"yoast-seo-meta-tag\" \/>\n<meta property=\"og:type\" content=\"article\" class=\"yoast-seo-meta-tag\" \/>\n<meta property=\"og:title\" content=\"Our Actions - Action Innocence Monaco\" class=\"yoast-seo-meta-tag\" \/>\n<meta property=\"og:description\" content=\"Action Innocence Monaco informe et de sensibilise les jeunes, les parents et les professionnels sur les risques et les d\u00e9rives li\u00e9s \u00e0 l\u2019usage d\u2019Internet et lutte contre la p\u00e9docriminalit\u00e9 sur Internet.\" class=\"yoast-seo-meta-tag\" \/>\n<meta property=\"og:url\" content=\"https:\/\/www.actioninnocencemonaco.com\/en\/association\/who-we-are\/our-actions\/\" class=\"yoast-seo-meta-tag\" \/>\n<meta property=\"og:site_name\" content=\"Action Innocence Monaco\" class=\"yoast-seo-meta-tag\" \/>\n<meta property=\"article:publisher\" content=\"https:\/\/www.facebook.com\/actioninnocencemonaco\" class=\"yoast-seo-meta-tag\" \/>\n<meta property=\"article:modified_time\" content=\"2019-11-05T09:05:48+00:00\" class=\"yoast-seo-meta-tag\" \/>\n<meta property=\"og:image\" content=\"https:\/\/mluscajs1eaw.i.optimole.com\/cb:cWFf.40cfa\/w:250\/h:94\/q:mauto\/ig:avif\/f:best\/https:\/\/www.actioninnocencemonaco.com\/wp-content\/uploads\/2021\/02\/logo.png\" class=\"yoast-seo-meta-tag\" \/>\n\t<meta property=\"og:image:width\" content=\"250\" class=\"yoast-seo-meta-tag\" \/>\n\t<meta property=\"og:image:height\" content=\"94\" class=\"yoast-seo-meta-tag\" \/>\n\t<meta property=\"og:image:type\" content=\"image\/png\" class=\"yoast-seo-meta-tag\" \/>\n<meta name=\"twitter:card\" content=\"summary_large_image\" class=\"yoast-seo-meta-tag\" \/>\n<meta name=\"twitter:site\" content=\"@ActionMonaco\" class=\"yoast-seo-meta-tag\" \/>\n<meta name=\"twitter:label1\" content=\"Est. reading time\" class=\"yoast-seo-meta-tag\" \/>\n\t<meta name=\"twitter:data1\" content=\"2 minutes\" class=\"yoast-seo-meta-tag\" \/>\n<script type=\"application\/ld+json\" class=\"yoast-schema-graph\">{\"@context\":\"https:\/\/schema.org\",\"@graph\":[{\"@type\":\"WebPage\",\"@id\":\"https:\/\/www.actioninnocencemonaco.com\/en\/association\/who-we-are\/our-actions\/\",\"url\":\"https:\/\/www.actioninnocencemonaco.com\/en\/association\/who-we-are\/our-actions\/\",\"name\":\"Our Actions - Action Innocence Monaco\",\"isPartOf\":{\"@id\":\"https:\/\/www.actioninnocencemonaco.com\/fr\/#website\"},\"datePublished\":\"2019-10-15T15:43:52+00:00\",\"dateModified\":\"2019-11-05T09:05:48+00:00\",\"description\":\"Action Innocence Monaco informe et de sensibilise les jeunes, les parents et les professionnels sur les risques et les d\u00e9rives li\u00e9s \u00e0 l\u2019usage d\u2019Internet et lutte contre la p\u00e9docriminalit\u00e9 sur Internet.\",\"breadcrumb\":{\"@id\":\"https:\/\/www.actioninnocencemonaco.com\/en\/association\/who-we-are\/our-actions\/#breadcrumb\"},\"inLanguage\":\"en-US\",\"potentialAction\":[{\"@type\":\"ReadAction\",\"target\":[\"https:\/\/www.actioninnocencemonaco.com\/en\/association\/who-we-are\/our-actions\/\"]}]},{\"@type\":\"BreadcrumbList\",\"@id\":\"https:\/\/www.actioninnocencemonaco.com\/en\/association\/who-we-are\/our-actions\/#breadcrumb\",\"itemListElement\":[{\"@type\":\"ListItem\",\"position\":1,\"name\":\"Accueil\",\"item\":\"https:\/\/www.actioninnocencemonaco.com\/en\/\"},{\"@type\":\"ListItem\",\"position\":2,\"name\":\"AIMC &#8211; 1 &#8211; Association\",\"item\":\"https:\/\/www.actioninnocencemonaco.com\/en\/association\/\"},{\"@type\":\"ListItem\",\"position\":3,\"name\":\"Who we are\",\"item\":\"https:\/\/www.actioninnocencemonaco.com\/en\/association\/who-we-are\/\"},{\"@type\":\"ListItem\",\"position\":4,\"name\":\"Our Actions\"}]},{\"@type\":\"WebSite\",\"@id\":\"https:\/\/www.actioninnocencemonaco.com\/fr\/#website\",\"url\":\"https:\/\/www.actioninnocencemonaco.com\/fr\/\",\"name\":\"Action Innocence Monaco\",\"description\":\"Oui \u00e0 L\u2019Internet, Non \u00e0 ses dangers !\",\"publisher\":{\"@id\":\"https:\/\/www.actioninnocencemonaco.com\/fr\/#organization\"},\"potentialAction\":[{\"@type\":\"SearchAction\",\"target\":{\"@type\":\"EntryPoint\",\"urlTemplate\":\"https:\/\/www.actioninnocencemonaco.com\/fr\/?s={search_term_string}\"},\"query-input\":\"required name=search_term_string\"}],\"inLanguage\":\"en-US\"},{\"@type\":\"Organization\",\"@id\":\"https:\/\/www.actioninnocencemonaco.com\/fr\/#organization\",\"name\":\"Action Innocence Monaco\",\"url\":\"https:\/\/www.actioninnocencemonaco.com\/fr\/\",\"logo\":{\"@type\":\"ImageObject\",\"inLanguage\":\"en-US\",\"@id\":\"https:\/\/www.actioninnocencemonaco.com\/fr\/#\/schema\/logo\/image\/\",\"url\":\"https:\/\/mluscajs1eaw.i.optimole.com\/cb:cWFf.40cfa\/w:auto\/h:auto\/q:mauto\/ig:avif\/f:best\/https:\/\/www.actioninnocencemonaco.com\/wp-content\/uploads\/2019\/10\/logo.png\",\"contentUrl\":\"https:\/\/mluscajs1eaw.i.optimole.com\/cb:cWFf.40cfa\/w:auto\/h:auto\/q:mauto\/ig:avif\/f:best\/https:\/\/www.actioninnocencemonaco.com\/wp-content\/uploads\/2019\/10\/logo.png\",\"width\":250,\"height\":94,\"caption\":\"Action Innocence Monaco\"},\"image\":{\"@id\":\"https:\/\/www.actioninnocencemonaco.com\/fr\/#\/schema\/logo\/image\/\"},\"sameAs\":[\"https:\/\/www.facebook.com\/actioninnocencemonaco\",\"https:\/\/x.com\/ActionMonaco\",\"https:\/\/www.instagram.com\/action_innocence_monaco\/\",\"https:\/\/www.linkedin.com\/in\/action-innocence-monaco-29219a198\",\"https:\/\/www.youtube.com\/channel\/UCgDybl4ueHSrLRc0_9E1R8g\"]}]}<\/script>\n<!-- \/ Yoast SEO plugin. -->","yoast_head_json":{"title":"Our Actions - Action Innocence Monaco","description":"Action Innocence Monaco informe et de sensibilise les jeunes, les parents et les professionnels sur les risques et les d\u00e9rives li\u00e9s \u00e0 l\u2019usage d\u2019Internet et lutte contre la p\u00e9docriminalit\u00e9 sur Internet.","robots":{"index":"index","follow":"follow","max-snippet":"max-snippet:-1","max-image-preview":"max-image-preview:large","max-video-preview":"max-video-preview:-1"},"canonical":"https:\/\/www.actioninnocencemonaco.com\/en\/association\/who-we-are\/our-actions\/","og_locale":"en_US","og_type":"article","og_title":"Our Actions - Action Innocence Monaco","og_description":"Action Innocence Monaco informe et de sensibilise les jeunes, les parents et les professionnels sur les risques et les d\u00e9rives li\u00e9s \u00e0 l\u2019usage d\u2019Internet et lutte contre la p\u00e9docriminalit\u00e9 sur Internet.","og_url":"https:\/\/www.actioninnocencemonaco.com\/en\/association\/who-we-are\/our-actions\/","og_site_name":"Action Innocence Monaco","article_publisher":"https:\/\/www.facebook.com\/actioninnocencemonaco","article_modified_time":"2019-11-05T09:05:48+00:00","og_image":[{"width":250,"height":94,"url":"https:\/\/mluscajs1eaw.i.optimole.com\/cb:cWFf.40cfa\/w:250\/h:94\/q:mauto\/ig:avif\/f:best\/https:\/\/www.actioninnocencemonaco.com\/wp-content\/uploads\/2021\/02\/logo.png","type":"image\/png"}],"twitter_card":"summary_large_image","twitter_site":"@ActionMonaco","twitter_misc":{"Est. reading time":"2 minutes"},"schema":{"@context":"https:\/\/schema.org","@graph":[{"@type":"WebPage","@id":"https:\/\/www.actioninnocencemonaco.com\/en\/association\/who-we-are\/our-actions\/","url":"https:\/\/www.actioninnocencemonaco.com\/en\/association\/who-we-are\/our-actions\/","name":"Our Actions - Action Innocence Monaco","isPartOf":{"@id":"https:\/\/www.actioninnocencemonaco.com\/fr\/#website"},"datePublished":"2019-10-15T15:43:52+00:00","dateModified":"2019-11-05T09:05:48+00:00","description":"Action Innocence Monaco informe et de sensibilise les jeunes, les parents et les professionnels sur les risques et les d\u00e9rives li\u00e9s \u00e0 l\u2019usage d\u2019Internet et lutte contre la p\u00e9docriminalit\u00e9 sur Internet.","breadcrumb":{"@id":"https:\/\/www.actioninnocencemonaco.com\/en\/association\/who-we-are\/our-actions\/#breadcrumb"},"inLanguage":"en-US","potentialAction":[{"@type":"ReadAction","target":["https:\/\/www.actioninnocencemonaco.com\/en\/association\/who-we-are\/our-actions\/"]}]},{"@type":"BreadcrumbList","@id":"https:\/\/www.actioninnocencemonaco.com\/en\/association\/who-we-are\/our-actions\/#breadcrumb","itemListElement":[{"@type":"ListItem","position":1,"name":"Accueil","item":"https:\/\/www.actioninnocencemonaco.com\/en\/"},{"@type":"ListItem","position":2,"name":"AIMC &#8211; 1 &#8211; Association","item":"https:\/\/www.actioninnocencemonaco.com\/en\/association\/"},{"@type":"ListItem","position":3,"name":"Who we are","item":"https:\/\/www.actioninnocencemonaco.com\/en\/association\/who-we-are\/"},{"@type":"ListItem","position":4,"name":"Our Actions"}]},{"@type":"WebSite","@id":"https:\/\/www.actioninnocencemonaco.com\/fr\/#website","url":"https:\/\/www.actioninnocencemonaco.com\/fr\/","name":"Action Innocence Monaco","description":"Oui \u00e0 L\u2019Internet, Non \u00e0 ses dangers !","publisher":{"@id":"https:\/\/www.actioninnocencemonaco.com\/fr\/#organization"},"potentialAction":[{"@type":"SearchAction","target":{"@type":"EntryPoint","urlTemplate":"https:\/\/www.actioninnocencemonaco.com\/fr\/?s={search_term_string}"},"query-input":"required name=search_term_string"}],"inLanguage":"en-US"},{"@type":"Organization","@id":"https:\/\/www.actioninnocencemonaco.com\/fr\/#organization","name":"Action Innocence Monaco","url":"https:\/\/www.actioninnocencemonaco.com\/fr\/","logo":{"@type":"ImageObject","inLanguage":"en-US","@id":"https:\/\/www.actioninnocencemonaco.com\/fr\/#\/schema\/logo\/image\/","url":"https:\/\/mluscajs1eaw.i.optimole.com\/cb:cWFf.40cfa\/w:auto\/h:auto\/q:mauto\/ig:avif\/f:best\/https:\/\/www.actioninnocencemonaco.com\/wp-content\/uploads\/2019\/10\/logo.png","contentUrl":"https:\/\/mluscajs1eaw.i.optimole.com\/cb:cWFf.40cfa\/w:auto\/h:auto\/q:mauto\/ig:avif\/f:best\/https:\/\/www.actioninnocencemonaco.com\/wp-content\/uploads\/2019\/10\/logo.png","width":250,"height":94,"caption":"Action Innocence Monaco"},"image":{"@id":"https:\/\/www.actioninnocencemonaco.com\/fr\/#\/schema\/logo\/image\/"},"sameAs":["https:\/\/www.facebook.com\/actioninnocencemonaco","https:\/\/x.com\/ActionMonaco","https:\/\/www.instagram.com\/action_innocence_monaco\/","https:\/\/www.linkedin.com\/in\/action-innocence-monaco-29219a198","https:\/\/www.youtube.com\/channel\/UCgDybl4ueHSrLRc0_9E1R8g"]}]}},"_links":{"self":[{"href":"https:\/\/www.actioninnocencemonaco.com\/en\/wp-json\/wp\/v2\/pages\/5364\/"}],"collection":[{"href":"https:\/\/www.actioninnocencemonaco.com\/en\/wp-json\/wp\/v2\/pages\/"}],"about":[{"href":"https:\/\/www.actioninnocencemonaco.com\/en\/wp-json\/wp\/v2\/types\/page\/"}],"author":[{"embeddable":true,"href":"https:\/\/www.actioninnocencemonaco.com\/en\/wp-json\/wp\/v2\/users\/1\/"}],"replies":[{"embeddable":true,"href":"https:\/\/www.actioninnocencemonaco.com\/en\/wp-json\/wp\/v2\/comments\/?post=5364"}],"version-history":[{"count":0,"href":"https:\/\/www.actioninnocencemonaco.com\/en\/wp-json\/wp\/v2\/pages\/5364\/revisions\/"}],"up":[{"embeddable":true,"href":"https:\/\/www.actioninnocencemonaco.com\/en\/wp-json\/wp\/v2\/pages\/5358\/"}],"wp:attachment":[{"href":"https:\/\/www.actioninnocencemonaco.com\/en\/wp-json\/wp\/v2\/media\/?parent=5364"}],"curies":[{"name":"wp","href":"https:\/\/api.w.org\/{rel}","templated":true}]}}