{"id":5309,"date":"2019-10-09T16:16:42","date_gmt":"2019-10-09T14:16:42","guid":{"rendered":"http:\/\/www.aimc.mms.mc\/?page_id=5309"},"modified":"2019-11-05T10:05:29","modified_gmt":"2019-11-05T09:05:29","slug":"the-presidents-message","status":"publish","type":"page","link":"https:\/\/www.actioninnocencemonaco.com\/en\/association\/the-presidents-message\/","title":{"rendered":"The President\u2019s message"},"content":{"rendered":"<p>[vc_row][vc_column]<h1 class=\"hr-title\">The President\u2019s message<\/h1>[ultimate_spacer height=&#8221;10&#8243;][\/vc_column][\/vc_row][vc_row][vc_column][vc_column_text]I would like to thank all those that contributed to the creation of Action Innocence Monaco, for their talent, work, generosity, determination and their on going support towards our success and the pursuit of our work.<\/p>\n<p>Since 2002, our association has always benefited from the great kindness of Prince Albert II, our Sovereign, and we thank him so very much for it, and also from the government of the Principality and more specifically the \u00ab Direction de l\u2019Education Nationale de la Jeunesse et des Sports \u00bb (the Ministry of National Education, Youth and Sport), and the \u00ab S\u00fbret\u00e9 Publique \u00bb (the Police Department).<\/p>\n<p>The internet, this amazing communication tool, is present in every household, should it be via a computer, or even via a mobile phone. It has become our children\u2019s favourite communication device.<\/p>\n<p>The first mission of our Association was to point out the growing abuses of this communication and exchange tool and to expose what was being set up in terms of internet child crime. Action Innocence Monaco fights to keep the dignity and the integrity of children on the internet by, in particular, training the young internet user to use this key tool in a secure but also civic manner and by raising their awareness on the different risks such as: shocking images, cyber harassment, the sharing or even the misappropriation of personal data, sexting, happy slapping, dedipix, etc.<\/p>\n<p>Our association, in close collaboration with the \u201cDirection de l\u2019Education Nationale de la Jeunesse et des Sports\u201d (the Ministry of National Education, Youth and Sport), offers a prevention program for children and teenagers within the schools of the Principality. We also intervene by simple request in French schools. These prevention sessions are done by psychologists and their goal is to develop each youngster\u2019s critical sense by putting an emphasis on the fact that, because the content on the internet is difficult to control, one can find the best but also the worst.<\/p>\n<p>The association\u2019s goal is also to raise awareness amongst parents and teachers by organising information campaigns. Although the internet has facilitated access to knowledge, it has also made each adult\u2019s role as an educator more complicated.<\/p>\n<p>In the last 12 years, we have raised awareness about the dangers of the internet to over 350.000 children, 8.000 parents, educational workers and health workers.<\/p>\n<p>We also work very closely with the police by freely giving them a software for tracking illicit files and we are working with the Government to promote new laws to fight abuses.<\/p>\n<p>But these successes should not make us forget that every day, thousands of images of sexually abused children are spread or exchanged on the internet because it is an easy way for unbalanced individuals to blindly attack children or teenagers with nearly total impunity.<\/p>\n<p>Also, in spite of all our efforts, parents do not involve themselves as much as they could. Yet this parent-child communication about the internet is essential.[\/vc_column_text][vc_single_image image=&#8221;5327&#8243; img_size=&#8221;full&#8221; alignment=&#8221;right&#8221; style=&#8221;vc_box_rounded&#8221;][vc_single_image image=&#8221;5328&#8243; img_size=&#8221;full&#8221; alignment=&#8221;right&#8221;][vc_column_text]<\/p>\n<p style=\"text-align: right;\">Louisette Levy-Soussan Azzoaglio<br \/>\nPresident Action Innocence Monaco<\/p>\n<p>[\/vc_column_text][\/vc_column][\/vc_row][vc_row][vc_column css=&#8221;.vc_custom_1570804661827{margin-top: 50px !important;}&#8221;][vc_column_text]<\/p>\n<h6 style=\"text-align: center;\"><em>Yes to the internet, No to its dangers!<\/em><\/h6>\n<p>[\/vc_column_text][\/vc_column][\/vc_row]<\/p>\n","protected":false},"excerpt":{"rendered":"<p>[vc_row][vc_column][ultimate_spacer height=&#8221;10&#8243;][\/vc_column][\/vc_row][vc_row][vc_column][vc_column_text]I would like to thank all those that contributed to the creation of Action Innocence Monaco, for their talent, work, generosity, determination and their on going support towards our success and the pursuit of our work. Since 2002, our association has always benefited from the great kindness of Prince Albert II, our Sovereign, and [&hellip;]<\/p>\n","protected":false},"author":1,"featured_media":0,"parent":5307,"menu_order":0,"comment_status":"open","ping_status":"closed","template":"","meta":{"_bbp_topic_count":0,"_bbp_reply_count":0,"_bbp_total_topic_count":0,"_bbp_total_reply_count":0,"_bbp_voice_count":0,"_bbp_anonymous_reply_count":0,"_bbp_topic_count_hidden":0,"_bbp_reply_count_hidden":0,"_bbp_forum_subforum_count":0,"ngg_post_thumbnail":0,"_themeisle_gutenberg_block_has_review":false,"footnotes":""},"yoast_head":"<!-- This site is optimized with the Yoast SEO plugin v22.6 - https:\/\/yoast.com\/wordpress\/plugins\/seo\/ -->\n<title>The President\u2019s message - Action Innocence Monaco<\/title>\n<meta name=\"description\" content=\"Action Innocence Monaco informe et de sensibilise les jeunes, les parents et les professionnels sur les risques et les d\u00e9rives li\u00e9s \u00e0 l\u2019usage d\u2019Internet et lutte contre la p\u00e9docriminalit\u00e9 sur Internet.\" class=\"yoast-seo-meta-tag\" \/>\n<meta name=\"robots\" content=\"index, follow, max-snippet:-1, max-image-preview:large, max-video-preview:-1\" \/>\n<link rel=\"canonical\" href=\"https:\/\/www.actioninnocencemonaco.com\/en\/association\/the-presidents-message\/\" class=\"yoast-seo-meta-tag\" \/>\n<meta property=\"og:locale\" content=\"en_US\" class=\"yoast-seo-meta-tag\" \/>\n<meta property=\"og:type\" content=\"article\" class=\"yoast-seo-meta-tag\" \/>\n<meta property=\"og:title\" content=\"The President\u2019s message - Action Innocence Monaco\" class=\"yoast-seo-meta-tag\" \/>\n<meta property=\"og:description\" content=\"Action Innocence Monaco informe et de sensibilise les jeunes, les parents et les professionnels sur les risques et les d\u00e9rives li\u00e9s \u00e0 l\u2019usage d\u2019Internet et lutte contre la p\u00e9docriminalit\u00e9 sur Internet.\" class=\"yoast-seo-meta-tag\" \/>\n<meta property=\"og:url\" content=\"https:\/\/www.actioninnocencemonaco.com\/en\/association\/the-presidents-message\/\" class=\"yoast-seo-meta-tag\" \/>\n<meta property=\"og:site_name\" content=\"Action Innocence Monaco\" class=\"yoast-seo-meta-tag\" \/>\n<meta property=\"article:publisher\" content=\"https:\/\/www.facebook.com\/actioninnocencemonaco\" class=\"yoast-seo-meta-tag\" \/>\n<meta property=\"article:modified_time\" content=\"2019-11-05T09:05:29+00:00\" class=\"yoast-seo-meta-tag\" \/>\n<meta property=\"og:image\" content=\"https:\/\/mluscajs1eaw.i.optimole.com\/cb:cWFf.40cfa\/w:250\/h:94\/q:mauto\/ig:avif\/f:best\/https:\/\/www.actioninnocencemonaco.com\/wp-content\/uploads\/2021\/02\/logo.png\" class=\"yoast-seo-meta-tag\" \/>\n\t<meta property=\"og:image:width\" content=\"250\" class=\"yoast-seo-meta-tag\" \/>\n\t<meta property=\"og:image:height\" content=\"94\" class=\"yoast-seo-meta-tag\" \/>\n\t<meta property=\"og:image:type\" content=\"image\/png\" class=\"yoast-seo-meta-tag\" \/>\n<meta name=\"twitter:card\" content=\"summary_large_image\" class=\"yoast-seo-meta-tag\" \/>\n<meta name=\"twitter:site\" content=\"@ActionMonaco\" class=\"yoast-seo-meta-tag\" \/>\n<meta name=\"twitter:label1\" content=\"Est. reading time\" class=\"yoast-seo-meta-tag\" \/>\n\t<meta name=\"twitter:data1\" content=\"3 minutes\" class=\"yoast-seo-meta-tag\" \/>\n<script type=\"application\/ld+json\" class=\"yoast-schema-graph\">{\"@context\":\"https:\/\/schema.org\",\"@graph\":[{\"@type\":\"WebPage\",\"@id\":\"https:\/\/www.actioninnocencemonaco.com\/en\/association\/the-presidents-message\/\",\"url\":\"https:\/\/www.actioninnocencemonaco.com\/en\/association\/the-presidents-message\/\",\"name\":\"The President\u2019s message - Action Innocence Monaco\",\"isPartOf\":{\"@id\":\"https:\/\/www.actioninnocencemonaco.com\/fr\/#website\"},\"datePublished\":\"2019-10-09T14:16:42+00:00\",\"dateModified\":\"2019-11-05T09:05:29+00:00\",\"description\":\"Action Innocence Monaco informe et de sensibilise les jeunes, les parents et les professionnels sur les risques et les d\u00e9rives li\u00e9s \u00e0 l\u2019usage d\u2019Internet et lutte contre la p\u00e9docriminalit\u00e9 sur Internet.\",\"breadcrumb\":{\"@id\":\"https:\/\/www.actioninnocencemonaco.com\/en\/association\/the-presidents-message\/#breadcrumb\"},\"inLanguage\":\"en-US\",\"potentialAction\":[{\"@type\":\"ReadAction\",\"target\":[\"https:\/\/www.actioninnocencemonaco.com\/en\/association\/the-presidents-message\/\"]}]},{\"@type\":\"BreadcrumbList\",\"@id\":\"https:\/\/www.actioninnocencemonaco.com\/en\/association\/the-presidents-message\/#breadcrumb\",\"itemListElement\":[{\"@type\":\"ListItem\",\"position\":1,\"name\":\"Accueil\",\"item\":\"https:\/\/www.actioninnocencemonaco.com\/en\/\"},{\"@type\":\"ListItem\",\"position\":2,\"name\":\"AIMC &#8211; 1 &#8211; Association\",\"item\":\"https:\/\/www.actioninnocencemonaco.com\/en\/association\/\"},{\"@type\":\"ListItem\",\"position\":3,\"name\":\"The President\u2019s message\"}]},{\"@type\":\"WebSite\",\"@id\":\"https:\/\/www.actioninnocencemonaco.com\/fr\/#website\",\"url\":\"https:\/\/www.actioninnocencemonaco.com\/fr\/\",\"name\":\"Action Innocence Monaco\",\"description\":\"Oui \u00e0 L\u2019Internet, Non \u00e0 ses dangers !\",\"publisher\":{\"@id\":\"https:\/\/www.actioninnocencemonaco.com\/fr\/#organization\"},\"potentialAction\":[{\"@type\":\"SearchAction\",\"target\":{\"@type\":\"EntryPoint\",\"urlTemplate\":\"https:\/\/www.actioninnocencemonaco.com\/fr\/?s={search_term_string}\"},\"query-input\":\"required name=search_term_string\"}],\"inLanguage\":\"en-US\"},{\"@type\":\"Organization\",\"@id\":\"https:\/\/www.actioninnocencemonaco.com\/fr\/#organization\",\"name\":\"Action Innocence Monaco\",\"url\":\"https:\/\/www.actioninnocencemonaco.com\/fr\/\",\"logo\":{\"@type\":\"ImageObject\",\"inLanguage\":\"en-US\",\"@id\":\"https:\/\/www.actioninnocencemonaco.com\/fr\/#\/schema\/logo\/image\/\",\"url\":\"https:\/\/mluscajs1eaw.i.optimole.com\/cb:cWFf.40cfa\/w:auto\/h:auto\/q:mauto\/ig:avif\/f:best\/https:\/\/www.actioninnocencemonaco.com\/wp-content\/uploads\/2019\/10\/logo.png\",\"contentUrl\":\"https:\/\/mluscajs1eaw.i.optimole.com\/cb:cWFf.40cfa\/w:auto\/h:auto\/q:mauto\/ig:avif\/f:best\/https:\/\/www.actioninnocencemonaco.com\/wp-content\/uploads\/2019\/10\/logo.png\",\"width\":250,\"height\":94,\"caption\":\"Action Innocence Monaco\"},\"image\":{\"@id\":\"https:\/\/www.actioninnocencemonaco.com\/fr\/#\/schema\/logo\/image\/\"},\"sameAs\":[\"https:\/\/www.facebook.com\/actioninnocencemonaco\",\"https:\/\/x.com\/ActionMonaco\",\"https:\/\/www.instagram.com\/action_innocence_monaco\/\",\"https:\/\/www.linkedin.com\/in\/action-innocence-monaco-29219a198\",\"https:\/\/www.youtube.com\/channel\/UCgDybl4ueHSrLRc0_9E1R8g\"]}]}<\/script>\n<!-- \/ Yoast SEO plugin. -->","yoast_head_json":{"title":"The President\u2019s message - Action Innocence Monaco","description":"Action Innocence Monaco informe et de sensibilise les jeunes, les parents et les professionnels sur les risques et les d\u00e9rives li\u00e9s \u00e0 l\u2019usage d\u2019Internet et lutte contre la p\u00e9docriminalit\u00e9 sur Internet.","robots":{"index":"index","follow":"follow","max-snippet":"max-snippet:-1","max-image-preview":"max-image-preview:large","max-video-preview":"max-video-preview:-1"},"canonical":"https:\/\/www.actioninnocencemonaco.com\/en\/association\/the-presidents-message\/","og_locale":"en_US","og_type":"article","og_title":"The President\u2019s message - Action Innocence Monaco","og_description":"Action Innocence Monaco informe et de sensibilise les jeunes, les parents et les professionnels sur les risques et les d\u00e9rives li\u00e9s \u00e0 l\u2019usage d\u2019Internet et lutte contre la p\u00e9docriminalit\u00e9 sur Internet.","og_url":"https:\/\/www.actioninnocencemonaco.com\/en\/association\/the-presidents-message\/","og_site_name":"Action Innocence Monaco","article_publisher":"https:\/\/www.facebook.com\/actioninnocencemonaco","article_modified_time":"2019-11-05T09:05:29+00:00","og_image":[{"width":250,"height":94,"url":"https:\/\/mluscajs1eaw.i.optimole.com\/cb:cWFf.40cfa\/w:250\/h:94\/q:mauto\/ig:avif\/f:best\/https:\/\/www.actioninnocencemonaco.com\/wp-content\/uploads\/2021\/02\/logo.png","type":"image\/png"}],"twitter_card":"summary_large_image","twitter_site":"@ActionMonaco","twitter_misc":{"Est. reading time":"3 minutes"},"schema":{"@context":"https:\/\/schema.org","@graph":[{"@type":"WebPage","@id":"https:\/\/www.actioninnocencemonaco.com\/en\/association\/the-presidents-message\/","url":"https:\/\/www.actioninnocencemonaco.com\/en\/association\/the-presidents-message\/","name":"The President\u2019s message - Action Innocence Monaco","isPartOf":{"@id":"https:\/\/www.actioninnocencemonaco.com\/fr\/#website"},"datePublished":"2019-10-09T14:16:42+00:00","dateModified":"2019-11-05T09:05:29+00:00","description":"Action Innocence Monaco informe et de sensibilise les jeunes, les parents et les professionnels sur les risques et les d\u00e9rives li\u00e9s \u00e0 l\u2019usage d\u2019Internet et lutte contre la p\u00e9docriminalit\u00e9 sur Internet.","breadcrumb":{"@id":"https:\/\/www.actioninnocencemonaco.com\/en\/association\/the-presidents-message\/#breadcrumb"},"inLanguage":"en-US","potentialAction":[{"@type":"ReadAction","target":["https:\/\/www.actioninnocencemonaco.com\/en\/association\/the-presidents-message\/"]}]},{"@type":"BreadcrumbList","@id":"https:\/\/www.actioninnocencemonaco.com\/en\/association\/the-presidents-message\/#breadcrumb","itemListElement":[{"@type":"ListItem","position":1,"name":"Accueil","item":"https:\/\/www.actioninnocencemonaco.com\/en\/"},{"@type":"ListItem","position":2,"name":"AIMC &#8211; 1 &#8211; Association","item":"https:\/\/www.actioninnocencemonaco.com\/en\/association\/"},{"@type":"ListItem","position":3,"name":"The President\u2019s message"}]},{"@type":"WebSite","@id":"https:\/\/www.actioninnocencemonaco.com\/fr\/#website","url":"https:\/\/www.actioninnocencemonaco.com\/fr\/","name":"Action Innocence Monaco","description":"Oui \u00e0 L\u2019Internet, Non \u00e0 ses dangers !","publisher":{"@id":"https:\/\/www.actioninnocencemonaco.com\/fr\/#organization"},"potentialAction":[{"@type":"SearchAction","target":{"@type":"EntryPoint","urlTemplate":"https:\/\/www.actioninnocencemonaco.com\/fr\/?s={search_term_string}"},"query-input":"required name=search_term_string"}],"inLanguage":"en-US"},{"@type":"Organization","@id":"https:\/\/www.actioninnocencemonaco.com\/fr\/#organization","name":"Action Innocence Monaco","url":"https:\/\/www.actioninnocencemonaco.com\/fr\/","logo":{"@type":"ImageObject","inLanguage":"en-US","@id":"https:\/\/www.actioninnocencemonaco.com\/fr\/#\/schema\/logo\/image\/","url":"https:\/\/mluscajs1eaw.i.optimole.com\/cb:cWFf.40cfa\/w:auto\/h:auto\/q:mauto\/ig:avif\/f:best\/https:\/\/www.actioninnocencemonaco.com\/wp-content\/uploads\/2019\/10\/logo.png","contentUrl":"https:\/\/mluscajs1eaw.i.optimole.com\/cb:cWFf.40cfa\/w:auto\/h:auto\/q:mauto\/ig:avif\/f:best\/https:\/\/www.actioninnocencemonaco.com\/wp-content\/uploads\/2019\/10\/logo.png","width":250,"height":94,"caption":"Action Innocence Monaco"},"image":{"@id":"https:\/\/www.actioninnocencemonaco.com\/fr\/#\/schema\/logo\/image\/"},"sameAs":["https:\/\/www.facebook.com\/actioninnocencemonaco","https:\/\/x.com\/ActionMonaco","https:\/\/www.instagram.com\/action_innocence_monaco\/","https:\/\/www.linkedin.com\/in\/action-innocence-monaco-29219a198","https:\/\/www.youtube.com\/channel\/UCgDybl4ueHSrLRc0_9E1R8g"]}]}},"_links":{"self":[{"href":"https:\/\/www.actioninnocencemonaco.com\/en\/wp-json\/wp\/v2\/pages\/5309\/"}],"collection":[{"href":"https:\/\/www.actioninnocencemonaco.com\/en\/wp-json\/wp\/v2\/pages\/"}],"about":[{"href":"https:\/\/www.actioninnocencemonaco.com\/en\/wp-json\/wp\/v2\/types\/page\/"}],"author":[{"embeddable":true,"href":"https:\/\/www.actioninnocencemonaco.com\/en\/wp-json\/wp\/v2\/users\/1\/"}],"replies":[{"embeddable":true,"href":"https:\/\/www.actioninnocencemonaco.com\/en\/wp-json\/wp\/v2\/comments\/?post=5309"}],"version-history":[{"count":0,"href":"https:\/\/www.actioninnocencemonaco.com\/en\/wp-json\/wp\/v2\/pages\/5309\/revisions\/"}],"up":[{"embeddable":true,"href":"https:\/\/www.actioninnocencemonaco.com\/en\/wp-json\/wp\/v2\/pages\/5307\/"}],"wp:attachment":[{"href":"https:\/\/www.actioninnocencemonaco.com\/en\/wp-json\/wp\/v2\/media\/?parent=5309"}],"curies":[{"name":"wp","href":"https:\/\/api.w.org\/{rel}","templated":true}]}}